{"id":10079,"date":"2026-03-05T12:03:58","date_gmt":"2026-03-05T10:03:58","guid":{"rendered":"https:\/\/divepro.ro\/?post_type=product&#038;p=10079"},"modified":"2026-03-18T15:07:02","modified_gmt":"2026-03-18T13:07:02","slug":"flc1500-geamandura-de-asistenta-la-navigatie-laterala","status":"publish","type":"product","link":"https:\/\/divepro.ro\/en\/product\/flc1500-geamandura-de-asistenta-la-navigatie-laterala\/","title":{"rendered":"FLC1500 Lateral navigation aid buoy"},"content":{"rendered":"<p>Structur\u0103, puncte de ridicare \u0219i ancorare: O\u021bel galvanizat S235<br \/>\nFlotor \u0219i catarg: Polietilen\u0103 de \u00eenalt\u0103 densitate stabilizat\u0103 UV<br \/>\nSpum\u0103: Poliuretan 40 kg\/m\u00b3<br \/>\nCulori: Pigmen\u021bi care corespund specifica\u021biilor IALA, integra\u021bi direct \u00een polietilen\u0103 \u00een timpul turn\u0103rii rota\u021bionale, f\u0103r\u0103 a fi necesar\u0103 vopsirea.<br \/>\nBalasturi: Font\u0103<br \/>\nMarca superioar\u0103: PVC rigid \u0219i nailon<br \/>\nReflector radar (op\u021bional): Aluminiu 5083\/5086 de calitate marin\u0103<br \/>\nEcologic: Polietilen\u0103 reciclabil\u0103. F\u0103r\u0103 metale grele. F\u0103r\u0103 daune ecologice<\/p>\n<p>DOMENIU DE UTILIZARE<br \/>\nCurent: P\u00e2n\u0103 la 5 noduri \/ teste de stabilitate video<br \/>\nLan\u021b de ancorare (recomandat): Lan\u021buri deschise cu zale lungi 5xD ND20, ND25 \u0219i ND30<\/p>","protected":false},"excerpt":{"rendered":"<p>Geamanduri marine tribord \u0219i babord<br \/>\nProdus de top pentru asisten\u021b\u0103 la naviga\u021bia maritim\u0103 \u0219i fluvial\u0103, geamandura lateral\u0103 FLC1500 are un raport calitate-pre\u021b excelent. Inova\u021bii \u0219i un nivel de fabrica\u021bie \u00eenalt: carcas\u0103 din polietilen\u0103, spum\u0103, 2 puncte de ridicare \u0219i 1 ochi de ancorare din o\u021bel galvanizat, m\u00e2nere de ridicare, balasturi din font\u0103, catarg deta\u0219abil.<\/p>\n<p>Echipament op\u021bional: reflector radar, felinare, marcaj superior cu perie.<\/p>\n<p>&nbsp;<\/p>\n<p style=\"text-align: center;\"><a href=\"tel:+40727896565\"><strong>FIND OUT MORE DETAILS AND ORDER INFO AT +4 0727 896 565<\/strong><\/a><\/p>\n<p style=\"text-align: center;\"><strong><a href=\"mailto:contact@divepro.ro\">E-MAIL: contact@divepro.ro<\/a><\/strong><\/p>","protected":false},"featured_media":10080,"template":"","meta":[],"product_brand":[],"product_cat":[79],"product_tag":[],"class_list":{"0":"post-10079","1":"product","2":"type-product","3":"status-publish","4":"has-post-thumbnail","6":"product_cat-balize-navigatie","8":"first","9":"instock","10":"shipping-taxable","11":"product-type-simple"},"yoast_head":"<!-- This site is optimized with the Yoast SEO plugin v27.2 - https:\/\/yoast.com\/product\/yoast-seo-wordpress\/ -->\n<title>FLC1500 Geamandur\u0103 de asisten\u021b\u0103 la naviga\u021bie lateral\u0103 - Dive Pro<\/title>\n<meta name=\"robots\" content=\"index, follow, max-snippet:-1, max-image-preview:large, max-video-preview:-1\" \/>\n<link rel=\"canonical\" href=\"https:\/\/divepro.ro\/en\/product\/flc1500-geamandura-de-asistenta-la-navigatie-laterala\/\" \/>\n<meta property=\"og:locale\" content=\"en_US\" \/>\n<meta property=\"og:type\" content=\"article\" \/>\n<meta property=\"og:title\" content=\"FLC1500 Geamandur\u0103 de asisten\u021b\u0103 la naviga\u021bie lateral\u0103 - Dive Pro\" \/>\n<meta property=\"og:description\" content=\"Geamanduri marine tribord \u0219i babord Produs de top pentru asisten\u021b\u0103 la naviga\u021bia maritim\u0103 \u0219i fluvial\u0103, geamandura lateral\u0103 FLC1500 are un raport calitate-pre\u021b excelent. Inova\u021bii \u0219i un nivel de fabrica\u021bie \u00eenalt: carcas\u0103 din polietilen\u0103, spum\u0103, 2 puncte de ridicare \u0219i 1 ochi de ancorare din o\u021bel galvanizat, m\u00e2nere de ridicare, balasturi din font\u0103, catarg deta\u0219abil.  Echipament op\u021bional: reflector radar, felinare, marcaj superior cu perie.  &nbsp; AFL\u0102 MAI MULTE DETALII \u0218I INFO COMENZI LA +4 0727 896 565 E-MAIL: contact@divepro.ro\" \/>\n<meta property=\"og:url\" content=\"https:\/\/divepro.ro\/en\/product\/flc1500-geamandura-de-asistenta-la-navigatie-laterala\/\" \/>\n<meta property=\"og:site_name\" content=\"Dive Pro\" \/>\n<meta property=\"article:modified_time\" content=\"2026-03-18T13:07:02+00:00\" \/>\n<meta property=\"og:image\" content=\"https:\/\/divepro.ro\/wp-content\/uploads\/2026\/03\/13-flc1500-lateral-navigation-aid-buoy-a1.jpg\" \/>\n\t<meta property=\"og:image:width\" content=\"800\" \/>\n\t<meta property=\"og:image:height\" content=\"800\" \/>\n\t<meta property=\"og:image:type\" content=\"image\/jpeg\" \/>\n<meta name=\"twitter:card\" content=\"summary_large_image\" \/>\n<meta name=\"twitter:label1\" content=\"Est. reading time\" \/>\n\t<meta name=\"twitter:data1\" content=\"1 minute\" \/>\n<script type=\"application\/ld+json\" class=\"yoast-schema-graph\">{\"@context\":\"https:\/\/schema.org\",\"@graph\":[{\"@type\":\"WebPage\",\"@id\":\"https:\/\/divepro.ro\/produs\/flc1500-geamandura-de-asistenta-la-navigatie-laterala\/\",\"url\":\"https:\/\/divepro.ro\/produs\/flc1500-geamandura-de-asistenta-la-navigatie-laterala\/\",\"name\":\"FLC1500 Geamandur\u0103 de asisten\u021b\u0103 la naviga\u021bie lateral\u0103 - Dive Pro\",\"isPartOf\":{\"@id\":\"https:\/\/divepro.ro\/#website\"},\"primaryImageOfPage\":{\"@id\":\"https:\/\/divepro.ro\/produs\/flc1500-geamandura-de-asistenta-la-navigatie-laterala\/#primaryimage\"},\"image\":{\"@id\":\"https:\/\/divepro.ro\/produs\/flc1500-geamandura-de-asistenta-la-navigatie-laterala\/#primaryimage\"},\"thumbnailUrl\":\"https:\/\/divepro.ro\/wp-content\/uploads\/2026\/03\/13-flc1500-lateral-navigation-aid-buoy-a1.jpg\",\"datePublished\":\"2026-03-05T10:03:58+00:00\",\"dateModified\":\"2026-03-18T13:07:02+00:00\",\"breadcrumb\":{\"@id\":\"https:\/\/divepro.ro\/produs\/flc1500-geamandura-de-asistenta-la-navigatie-laterala\/#breadcrumb\"},\"inLanguage\":\"en-US\",\"potentialAction\":[{\"@type\":\"ReadAction\",\"target\":[\"https:\/\/divepro.ro\/produs\/flc1500-geamandura-de-asistenta-la-navigatie-laterala\/\"]}]},{\"@type\":\"ImageObject\",\"inLanguage\":\"en-US\",\"@id\":\"https:\/\/divepro.ro\/produs\/flc1500-geamandura-de-asistenta-la-navigatie-laterala\/#primaryimage\",\"url\":\"https:\/\/divepro.ro\/wp-content\/uploads\/2026\/03\/13-flc1500-lateral-navigation-aid-buoy-a1.jpg\",\"contentUrl\":\"https:\/\/divepro.ro\/wp-content\/uploads\/2026\/03\/13-flc1500-lateral-navigation-aid-buoy-a1.jpg\",\"width\":800,\"height\":800},{\"@type\":\"BreadcrumbList\",\"@id\":\"https:\/\/divepro.ro\/produs\/flc1500-geamandura-de-asistenta-la-navigatie-laterala\/#breadcrumb\",\"itemListElement\":[{\"@type\":\"ListItem\",\"position\":1,\"name\":\"Prima pagin\u0103\",\"item\":\"https:\/\/divepro.ro\/\"},{\"@type\":\"ListItem\",\"position\":2,\"name\":\"Magazin\",\"item\":\"https:\/\/divepro.ro\/magazin\/\"},{\"@type\":\"ListItem\",\"position\":3,\"name\":\"FLC1500 Geamandur\u0103 de asisten\u021b\u0103 la naviga\u021bie lateral\u0103\"}]},{\"@type\":\"WebSite\",\"@id\":\"https:\/\/divepro.ro\/#website\",\"url\":\"https:\/\/divepro.ro\/\",\"name\":\"Dive Pro - ECHIPAMENTE \u0218I SERVICII NAVALE, MARITIME \u0218I FLUVIALE\",\"description\":\"Echipamente \u0219i servicii navale, maritime \u0219i fluviale\",\"publisher\":{\"@id\":\"https:\/\/divepro.ro\/#organization\"},\"potentialAction\":[{\"@type\":\"SearchAction\",\"target\":{\"@type\":\"EntryPoint\",\"urlTemplate\":\"https:\/\/divepro.ro\/?s={search_term_string}\"},\"query-input\":{\"@type\":\"PropertyValueSpecification\",\"valueRequired\":true,\"valueName\":\"search_term_string\"}}],\"inLanguage\":\"en-US\"},{\"@type\":\"Organization\",\"@id\":\"https:\/\/divepro.ro\/#organization\",\"name\":\"Dive Pro\",\"url\":\"https:\/\/divepro.ro\/\",\"logo\":{\"@type\":\"ImageObject\",\"inLanguage\":\"en-US\",\"@id\":\"https:\/\/divepro.ro\/#\/schema\/logo\/image\/\",\"url\":\"https:\/\/divepro.ro\/wp-content\/uploads\/2026\/02\/ico-fav-dive-d2-fav-mic.png\",\"contentUrl\":\"https:\/\/divepro.ro\/wp-content\/uploads\/2026\/02\/ico-fav-dive-d2-fav-mic.png\",\"width\":150,\"height\":150,\"caption\":\"Dive Pro\"},\"image\":{\"@id\":\"https:\/\/divepro.ro\/#\/schema\/logo\/image\/\"}}]}<\/script>\n<!-- \/ Yoast SEO plugin. -->","yoast_head_json":{"title":"FLC1500 Geamandur\u0103 de asisten\u021b\u0103 la naviga\u021bie lateral\u0103 - Dive Pro","robots":{"index":"index","follow":"follow","max-snippet":"max-snippet:-1","max-image-preview":"max-image-preview:large","max-video-preview":"max-video-preview:-1"},"canonical":"https:\/\/divepro.ro\/en\/product\/flc1500-geamandura-de-asistenta-la-navigatie-laterala\/","og_locale":"en_US","og_type":"article","og_title":"FLC1500 Geamandur\u0103 de asisten\u021b\u0103 la naviga\u021bie lateral\u0103 - Dive Pro","og_description":"Geamanduri marine tribord \u0219i babord Produs de top pentru asisten\u021b\u0103 la naviga\u021bia maritim\u0103 \u0219i fluvial\u0103, geamandura lateral\u0103 FLC1500 are un raport calitate-pre\u021b excelent. Inova\u021bii \u0219i un nivel de fabrica\u021bie \u00eenalt: carcas\u0103 din polietilen\u0103, spum\u0103, 2 puncte de ridicare \u0219i 1 ochi de ancorare din o\u021bel galvanizat, m\u00e2nere de ridicare, balasturi din font\u0103, catarg deta\u0219abil.  Echipament op\u021bional: reflector radar, felinare, marcaj superior cu perie.  &nbsp; AFL\u0102 MAI MULTE DETALII \u0218I INFO COMENZI LA +4 0727 896 565 E-MAIL: contact@divepro.ro","og_url":"https:\/\/divepro.ro\/en\/product\/flc1500-geamandura-de-asistenta-la-navigatie-laterala\/","og_site_name":"Dive Pro","article_modified_time":"2026-03-18T13:07:02+00:00","og_image":[{"width":800,"height":800,"url":"https:\/\/divepro.ro\/wp-content\/uploads\/2026\/03\/13-flc1500-lateral-navigation-aid-buoy-a1.jpg","type":"image\/jpeg"}],"twitter_card":"summary_large_image","twitter_misc":{"Est. reading time":"1 minute"},"schema":{"@context":"https:\/\/schema.org","@graph":[{"@type":"WebPage","@id":"https:\/\/divepro.ro\/produs\/flc1500-geamandura-de-asistenta-la-navigatie-laterala\/","url":"https:\/\/divepro.ro\/produs\/flc1500-geamandura-de-asistenta-la-navigatie-laterala\/","name":"FLC1500 Geamandur\u0103 de asisten\u021b\u0103 la naviga\u021bie lateral\u0103 - Dive Pro","isPartOf":{"@id":"https:\/\/divepro.ro\/#website"},"primaryImageOfPage":{"@id":"https:\/\/divepro.ro\/produs\/flc1500-geamandura-de-asistenta-la-navigatie-laterala\/#primaryimage"},"image":{"@id":"https:\/\/divepro.ro\/produs\/flc1500-geamandura-de-asistenta-la-navigatie-laterala\/#primaryimage"},"thumbnailUrl":"https:\/\/divepro.ro\/wp-content\/uploads\/2026\/03\/13-flc1500-lateral-navigation-aid-buoy-a1.jpg","datePublished":"2026-03-05T10:03:58+00:00","dateModified":"2026-03-18T13:07:02+00:00","breadcrumb":{"@id":"https:\/\/divepro.ro\/produs\/flc1500-geamandura-de-asistenta-la-navigatie-laterala\/#breadcrumb"},"inLanguage":"en-US","potentialAction":[{"@type":"ReadAction","target":["https:\/\/divepro.ro\/produs\/flc1500-geamandura-de-asistenta-la-navigatie-laterala\/"]}]},{"@type":"ImageObject","inLanguage":"en-US","@id":"https:\/\/divepro.ro\/produs\/flc1500-geamandura-de-asistenta-la-navigatie-laterala\/#primaryimage","url":"https:\/\/divepro.ro\/wp-content\/uploads\/2026\/03\/13-flc1500-lateral-navigation-aid-buoy-a1.jpg","contentUrl":"https:\/\/divepro.ro\/wp-content\/uploads\/2026\/03\/13-flc1500-lateral-navigation-aid-buoy-a1.jpg","width":800,"height":800},{"@type":"BreadcrumbList","@id":"https:\/\/divepro.ro\/produs\/flc1500-geamandura-de-asistenta-la-navigatie-laterala\/#breadcrumb","itemListElement":[{"@type":"ListItem","position":1,"name":"Prima pagin\u0103","item":"https:\/\/divepro.ro\/"},{"@type":"ListItem","position":2,"name":"Magazin","item":"https:\/\/divepro.ro\/magazin\/"},{"@type":"ListItem","position":3,"name":"FLC1500 Geamandur\u0103 de asisten\u021b\u0103 la naviga\u021bie lateral\u0103"}]},{"@type":"WebSite","@id":"https:\/\/divepro.ro\/#website","url":"https:\/\/divepro.ro\/","name":"Dive Pro - ECHIPAMENTE \u0218I SERVICII NAVALE, MARITIME \u0218I FLUVIALE","description":"Echipamente \u0219i servicii navale, maritime \u0219i fluviale","publisher":{"@id":"https:\/\/divepro.ro\/#organization"},"potentialAction":[{"@type":"SearchAction","target":{"@type":"EntryPoint","urlTemplate":"https:\/\/divepro.ro\/?s={search_term_string}"},"query-input":{"@type":"PropertyValueSpecification","valueRequired":true,"valueName":"search_term_string"}}],"inLanguage":"en-US"},{"@type":"Organization","@id":"https:\/\/divepro.ro\/#organization","name":"Dive Pro","url":"https:\/\/divepro.ro\/","logo":{"@type":"ImageObject","inLanguage":"en-US","@id":"https:\/\/divepro.ro\/#\/schema\/logo\/image\/","url":"https:\/\/divepro.ro\/wp-content\/uploads\/2026\/02\/ico-fav-dive-d2-fav-mic.png","contentUrl":"https:\/\/divepro.ro\/wp-content\/uploads\/2026\/02\/ico-fav-dive-d2-fav-mic.png","width":150,"height":150,"caption":"Dive Pro"},"image":{"@id":"https:\/\/divepro.ro\/#\/schema\/logo\/image\/"}}]}},"_links":{"self":[{"href":"https:\/\/divepro.ro\/en\/wp-json\/wp\/v2\/product\/10079","targetHints":{"allow":["GET"]}}],"collection":[{"href":"https:\/\/divepro.ro\/en\/wp-json\/wp\/v2\/product"}],"about":[{"href":"https:\/\/divepro.ro\/en\/wp-json\/wp\/v2\/types\/product"}],"wp:featuredmedia":[{"embeddable":true,"href":"https:\/\/divepro.ro\/en\/wp-json\/wp\/v2\/media\/10080"}],"wp:attachment":[{"href":"https:\/\/divepro.ro\/en\/wp-json\/wp\/v2\/media?parent=10079"}],"wp:term":[{"taxonomy":"product_brand","embeddable":true,"href":"https:\/\/divepro.ro\/en\/wp-json\/wp\/v2\/product_brand?post=10079"},{"taxonomy":"product_cat","embeddable":true,"href":"https:\/\/divepro.ro\/en\/wp-json\/wp\/v2\/product_cat?post=10079"},{"taxonomy":"product_tag","embeddable":true,"href":"https:\/\/divepro.ro\/en\/wp-json\/wp\/v2\/product_tag?post=10079"}],"curies":[{"name":"wp","href":"https:\/\/api.w.org\/{rel}","templated":true}]}}