{"id":10215,"date":"2026-03-06T15:32:07","date_gmt":"2026-03-06T13:32:07","guid":{"rendered":"https:\/\/divepro.ro\/?post_type=product&#038;p=10215"},"modified":"2026-03-18T14:40:13","modified_gmt":"2026-03-18T12:40:13","slug":"lant-cu-zale-lungi-nd30-5xd","status":"publish","type":"product","link":"https:\/\/divepro.ro\/en\/product\/lant-cu-zale-lungi-nd30-5xd\/","title":{"rendered":"ND30 Long Link Chain 5xD"},"content":{"rendered":"","protected":false},"excerpt":{"rendered":"<p>Lan\u021b de acostare recomandat pentru geamandurile FLC1500, FLC1800 \u0219i FLC2200.<\/p>\n<p>Lan\u021b de acostare SL2 de calitate. L\u0103cuit negru. L\u0103\u021bimea interioar\u0103 se potrive\u0219te \u00een c\u0103rucioare f\u0103r\u0103 zale speciale de cap\u0103t.<\/p>\n<p>Diametru nominal (ND): 30 mm, Pas (B): 150 mm, L\u0103\u021bime (C): 45 mm, Greutate: 16,2 kg pe metru.<\/p>\n<p>&nbsp;<\/p>\n<p style=\"text-align: center;\"><a href=\"tel:+40727896565\"><strong>FIND OUT MORE DETAILS AND ORDER INFO AT +4 0727 896 565<\/strong><\/a><\/p>\n<p style=\"text-align: center;\"><strong><a href=\"mailto:contact@divepro.ro\">E-MAIL: contact@divepro.ro<\/a><\/strong><\/p>","protected":false},"featured_media":10211,"template":"","meta":[],"product_brand":[],"product_cat":[75],"product_tag":[],"class_list":{"0":"post-10215","1":"product","2":"type-product","3":"status-publish","4":"has-post-thumbnail","6":"product_cat-sisteme-acostare","8":"first","9":"instock","10":"shipping-taxable","11":"product-type-simple"},"yoast_head":"<!-- This site is optimized with the Yoast SEO plugin v27.2 - https:\/\/yoast.com\/product\/yoast-seo-wordpress\/ -->\n<title>Lan\u021b cu zale lungi ND30 5xD - Dive Pro<\/title>\n<meta name=\"robots\" content=\"index, follow, max-snippet:-1, max-image-preview:large, max-video-preview:-1\" \/>\n<link rel=\"canonical\" href=\"https:\/\/divepro.ro\/en\/product\/lant-cu-zale-lungi-nd30-5xd\/\" \/>\n<meta property=\"og:locale\" content=\"en_US\" \/>\n<meta property=\"og:type\" content=\"article\" \/>\n<meta property=\"og:title\" content=\"Lan\u021b cu zale lungi ND30 5xD - Dive Pro\" \/>\n<meta property=\"og:description\" content=\"Lan\u021b de acostare recomandat pentru geamandurile FLC1500, FLC1800 \u0219i FLC2200.  Lan\u021b de acostare SL2 de calitate. L\u0103cuit negru. L\u0103\u021bimea interioar\u0103 se potrive\u0219te \u00een c\u0103rucioare f\u0103r\u0103 zale speciale de cap\u0103t.  Diametru nominal (ND): 30 mm, Pas (B): 150 mm, L\u0103\u021bime (C): 45 mm, Greutate: 16,2 kg pe metru.  &nbsp; AFL\u0102 MAI MULTE DETALII \u0218I INFO COMENZI LA +4 0727 896 565 E-MAIL: contact@divepro.ro\" \/>\n<meta property=\"og:url\" content=\"https:\/\/divepro.ro\/en\/product\/lant-cu-zale-lungi-nd30-5xd\/\" \/>\n<meta property=\"og:site_name\" content=\"Dive Pro\" \/>\n<meta property=\"article:modified_time\" content=\"2026-03-18T12:40:13+00:00\" \/>\n<meta property=\"og:image\" content=\"https:\/\/divepro.ro\/wp-content\/uploads\/2026\/03\/01-long-link-chain-5xd-nd16.jpg\" \/>\n\t<meta property=\"og:image:width\" content=\"800\" \/>\n\t<meta property=\"og:image:height\" content=\"800\" \/>\n\t<meta property=\"og:image:type\" content=\"image\/jpeg\" \/>\n<meta name=\"twitter:card\" content=\"summary_large_image\" \/>\n<meta name=\"twitter:label1\" content=\"Est. reading time\" \/>\n\t<meta name=\"twitter:data1\" content=\"1 minute\" \/>\n<script type=\"application\/ld+json\" class=\"yoast-schema-graph\">{\"@context\":\"https:\/\/schema.org\",\"@graph\":[{\"@type\":\"WebPage\",\"@id\":\"https:\/\/divepro.ro\/produs\/lant-cu-zale-lungi-nd30-5xd\/\",\"url\":\"https:\/\/divepro.ro\/produs\/lant-cu-zale-lungi-nd30-5xd\/\",\"name\":\"Lan\u021b cu zale lungi ND30 5xD - Dive Pro\",\"isPartOf\":{\"@id\":\"https:\/\/divepro.ro\/#website\"},\"primaryImageOfPage\":{\"@id\":\"https:\/\/divepro.ro\/produs\/lant-cu-zale-lungi-nd30-5xd\/#primaryimage\"},\"image\":{\"@id\":\"https:\/\/divepro.ro\/produs\/lant-cu-zale-lungi-nd30-5xd\/#primaryimage\"},\"thumbnailUrl\":\"https:\/\/divepro.ro\/wp-content\/uploads\/2026\/03\/01-long-link-chain-5xd-nd16.jpg\",\"datePublished\":\"2026-03-06T13:32:07+00:00\",\"dateModified\":\"2026-03-18T12:40:13+00:00\",\"breadcrumb\":{\"@id\":\"https:\/\/divepro.ro\/produs\/lant-cu-zale-lungi-nd30-5xd\/#breadcrumb\"},\"inLanguage\":\"en-US\",\"potentialAction\":[{\"@type\":\"ReadAction\",\"target\":[\"https:\/\/divepro.ro\/produs\/lant-cu-zale-lungi-nd30-5xd\/\"]}]},{\"@type\":\"ImageObject\",\"inLanguage\":\"en-US\",\"@id\":\"https:\/\/divepro.ro\/produs\/lant-cu-zale-lungi-nd30-5xd\/#primaryimage\",\"url\":\"https:\/\/divepro.ro\/wp-content\/uploads\/2026\/03\/01-long-link-chain-5xd-nd16.jpg\",\"contentUrl\":\"https:\/\/divepro.ro\/wp-content\/uploads\/2026\/03\/01-long-link-chain-5xd-nd16.jpg\",\"width\":800,\"height\":800},{\"@type\":\"BreadcrumbList\",\"@id\":\"https:\/\/divepro.ro\/produs\/lant-cu-zale-lungi-nd30-5xd\/#breadcrumb\",\"itemListElement\":[{\"@type\":\"ListItem\",\"position\":1,\"name\":\"Prima pagin\u0103\",\"item\":\"https:\/\/divepro.ro\/\"},{\"@type\":\"ListItem\",\"position\":2,\"name\":\"Magazin\",\"item\":\"https:\/\/divepro.ro\/magazin\/\"},{\"@type\":\"ListItem\",\"position\":3,\"name\":\"Lan\u021b cu zale lungi ND30 5xD\"}]},{\"@type\":\"WebSite\",\"@id\":\"https:\/\/divepro.ro\/#website\",\"url\":\"https:\/\/divepro.ro\/\",\"name\":\"Dive Pro - ECHIPAMENTE \u0218I SERVICII NAVALE, MARITIME \u0218I FLUVIALE\",\"description\":\"Echipamente \u0219i servicii navale, maritime \u0219i fluviale\",\"publisher\":{\"@id\":\"https:\/\/divepro.ro\/#organization\"},\"potentialAction\":[{\"@type\":\"SearchAction\",\"target\":{\"@type\":\"EntryPoint\",\"urlTemplate\":\"https:\/\/divepro.ro\/?s={search_term_string}\"},\"query-input\":{\"@type\":\"PropertyValueSpecification\",\"valueRequired\":true,\"valueName\":\"search_term_string\"}}],\"inLanguage\":\"en-US\"},{\"@type\":\"Organization\",\"@id\":\"https:\/\/divepro.ro\/#organization\",\"name\":\"Dive Pro\",\"url\":\"https:\/\/divepro.ro\/\",\"logo\":{\"@type\":\"ImageObject\",\"inLanguage\":\"en-US\",\"@id\":\"https:\/\/divepro.ro\/#\/schema\/logo\/image\/\",\"url\":\"https:\/\/divepro.ro\/wp-content\/uploads\/2026\/02\/ico-fav-dive-d2-fav-mic.png\",\"contentUrl\":\"https:\/\/divepro.ro\/wp-content\/uploads\/2026\/02\/ico-fav-dive-d2-fav-mic.png\",\"width\":150,\"height\":150,\"caption\":\"Dive Pro\"},\"image\":{\"@id\":\"https:\/\/divepro.ro\/#\/schema\/logo\/image\/\"}}]}<\/script>\n<!-- \/ Yoast SEO plugin. -->","yoast_head_json":{"title":"Lan\u021b cu zale lungi ND30 5xD - Dive Pro","robots":{"index":"index","follow":"follow","max-snippet":"max-snippet:-1","max-image-preview":"max-image-preview:large","max-video-preview":"max-video-preview:-1"},"canonical":"https:\/\/divepro.ro\/en\/product\/lant-cu-zale-lungi-nd30-5xd\/","og_locale":"en_US","og_type":"article","og_title":"Lan\u021b cu zale lungi ND30 5xD - Dive Pro","og_description":"Lan\u021b de acostare recomandat pentru geamandurile FLC1500, FLC1800 \u0219i FLC2200.  Lan\u021b de acostare SL2 de calitate. L\u0103cuit negru. L\u0103\u021bimea interioar\u0103 se potrive\u0219te \u00een c\u0103rucioare f\u0103r\u0103 zale speciale de cap\u0103t.  Diametru nominal (ND): 30 mm, Pas (B): 150 mm, L\u0103\u021bime (C): 45 mm, Greutate: 16,2 kg pe metru.  &nbsp; AFL\u0102 MAI MULTE DETALII \u0218I INFO COMENZI LA +4 0727 896 565 E-MAIL: contact@divepro.ro","og_url":"https:\/\/divepro.ro\/en\/product\/lant-cu-zale-lungi-nd30-5xd\/","og_site_name":"Dive Pro","article_modified_time":"2026-03-18T12:40:13+00:00","og_image":[{"width":800,"height":800,"url":"https:\/\/divepro.ro\/wp-content\/uploads\/2026\/03\/01-long-link-chain-5xd-nd16.jpg","type":"image\/jpeg"}],"twitter_card":"summary_large_image","twitter_misc":{"Est. reading time":"1 minute"},"schema":{"@context":"https:\/\/schema.org","@graph":[{"@type":"WebPage","@id":"https:\/\/divepro.ro\/produs\/lant-cu-zale-lungi-nd30-5xd\/","url":"https:\/\/divepro.ro\/produs\/lant-cu-zale-lungi-nd30-5xd\/","name":"Lan\u021b cu zale lungi ND30 5xD - Dive Pro","isPartOf":{"@id":"https:\/\/divepro.ro\/#website"},"primaryImageOfPage":{"@id":"https:\/\/divepro.ro\/produs\/lant-cu-zale-lungi-nd30-5xd\/#primaryimage"},"image":{"@id":"https:\/\/divepro.ro\/produs\/lant-cu-zale-lungi-nd30-5xd\/#primaryimage"},"thumbnailUrl":"https:\/\/divepro.ro\/wp-content\/uploads\/2026\/03\/01-long-link-chain-5xd-nd16.jpg","datePublished":"2026-03-06T13:32:07+00:00","dateModified":"2026-03-18T12:40:13+00:00","breadcrumb":{"@id":"https:\/\/divepro.ro\/produs\/lant-cu-zale-lungi-nd30-5xd\/#breadcrumb"},"inLanguage":"en-US","potentialAction":[{"@type":"ReadAction","target":["https:\/\/divepro.ro\/produs\/lant-cu-zale-lungi-nd30-5xd\/"]}]},{"@type":"ImageObject","inLanguage":"en-US","@id":"https:\/\/divepro.ro\/produs\/lant-cu-zale-lungi-nd30-5xd\/#primaryimage","url":"https:\/\/divepro.ro\/wp-content\/uploads\/2026\/03\/01-long-link-chain-5xd-nd16.jpg","contentUrl":"https:\/\/divepro.ro\/wp-content\/uploads\/2026\/03\/01-long-link-chain-5xd-nd16.jpg","width":800,"height":800},{"@type":"BreadcrumbList","@id":"https:\/\/divepro.ro\/produs\/lant-cu-zale-lungi-nd30-5xd\/#breadcrumb","itemListElement":[{"@type":"ListItem","position":1,"name":"Prima pagin\u0103","item":"https:\/\/divepro.ro\/"},{"@type":"ListItem","position":2,"name":"Magazin","item":"https:\/\/divepro.ro\/magazin\/"},{"@type":"ListItem","position":3,"name":"Lan\u021b cu zale lungi ND30 5xD"}]},{"@type":"WebSite","@id":"https:\/\/divepro.ro\/#website","url":"https:\/\/divepro.ro\/","name":"Dive Pro - ECHIPAMENTE \u0218I SERVICII NAVALE, MARITIME \u0218I FLUVIALE","description":"Echipamente \u0219i servicii navale, maritime \u0219i fluviale","publisher":{"@id":"https:\/\/divepro.ro\/#organization"},"potentialAction":[{"@type":"SearchAction","target":{"@type":"EntryPoint","urlTemplate":"https:\/\/divepro.ro\/?s={search_term_string}"},"query-input":{"@type":"PropertyValueSpecification","valueRequired":true,"valueName":"search_term_string"}}],"inLanguage":"en-US"},{"@type":"Organization","@id":"https:\/\/divepro.ro\/#organization","name":"Dive Pro","url":"https:\/\/divepro.ro\/","logo":{"@type":"ImageObject","inLanguage":"en-US","@id":"https:\/\/divepro.ro\/#\/schema\/logo\/image\/","url":"https:\/\/divepro.ro\/wp-content\/uploads\/2026\/02\/ico-fav-dive-d2-fav-mic.png","contentUrl":"https:\/\/divepro.ro\/wp-content\/uploads\/2026\/02\/ico-fav-dive-d2-fav-mic.png","width":150,"height":150,"caption":"Dive Pro"},"image":{"@id":"https:\/\/divepro.ro\/#\/schema\/logo\/image\/"}}]}},"_links":{"self":[{"href":"https:\/\/divepro.ro\/en\/wp-json\/wp\/v2\/product\/10215","targetHints":{"allow":["GET"]}}],"collection":[{"href":"https:\/\/divepro.ro\/en\/wp-json\/wp\/v2\/product"}],"about":[{"href":"https:\/\/divepro.ro\/en\/wp-json\/wp\/v2\/types\/product"}],"wp:featuredmedia":[{"embeddable":true,"href":"https:\/\/divepro.ro\/en\/wp-json\/wp\/v2\/media\/10211"}],"wp:attachment":[{"href":"https:\/\/divepro.ro\/en\/wp-json\/wp\/v2\/media?parent=10215"}],"wp:term":[{"taxonomy":"product_brand","embeddable":true,"href":"https:\/\/divepro.ro\/en\/wp-json\/wp\/v2\/product_brand?post=10215"},{"taxonomy":"product_cat","embeddable":true,"href":"https:\/\/divepro.ro\/en\/wp-json\/wp\/v2\/product_cat?post=10215"},{"taxonomy":"product_tag","embeddable":true,"href":"https:\/\/divepro.ro\/en\/wp-json\/wp\/v2\/product_tag?post=10215"}],"curies":[{"name":"wp","href":"https:\/\/api.w.org\/{rel}","templated":true}]}}