{"id":10242,"date":"2026-03-06T15:57:51","date_gmt":"2026-03-06T13:57:51","guid":{"rendered":"https:\/\/divepro.ro\/?post_type=product&#038;p=10242"},"modified":"2026-03-18T14:36:03","modified_gmt":"2026-03-18T12:36:03","slug":"baliza-valuri-obs-400","status":"publish","type":"product","link":"https:\/\/divepro.ro\/en\/product\/baliza-valuri-obs-400\/","title":{"rendered":"OBS-400 Wave Buoy"},"content":{"rendered":"<p>Geamandul OBS-400 Wave Buoy utilizeaz\u0103 o combina\u021bie de senzori de mi\u0219care \u0219i o busol\u0103 electronic\u0103 pentru a m\u0103sura c\u00e2mpul de unde direc\u021bionale cu o precizie ridicat\u0103. Aceasta produce spectrul de unde direc\u021bionale \u0219i to\u021bi parametrii care pot fi deriva\u021bi din acesta, cum ar fi spectrul unidimensional al densit\u0103\u021bii energiei \u0219i o gam\u0103 de parametri ai undelor \u00een vrac (\u00een\u0103l\u021bimea semnificativ\u0103 a undei, perioada de v\u00e2rf a undei, direc\u021bia de v\u00e2rf a undei etc.).<\/p>\n<p>CARACTERISTICI CHEIE<\/p>\n<p>Date \u00een timp real (4G cu rezerv\u0103 2G)<\/p>\n<p>Parametri ai undelor \u00een vrac<\/p>\n<p>Spectru de unde direc\u021bionale<\/p>\n<p>Alimentat cu baterii (litiu, primare sau alcaline)<\/p>\n<p>Pozi\u021bie GPS \u0219i cerc de urm\u0103rire<\/p>\n<p>Senzor SST<\/p>\n<p>Costuri reduse de achizi\u021bie \u0219i operare<\/p>\n<p>Compact \u0219i u\u0219or<\/p>\n<p>U\u0219or de implementat \u0219i \u00eentre\u021binut<\/p>\n<p>SIM global (inclusiv date)<\/p>\n<p>Portal de date versatil inclus<\/p>\n<p>PRINCIPALELE DOMENII DE APLICARE<\/p>\n<p>Inginerie marin\u0103 \u0219i de coast\u0103<\/p>\n<p>Cercetare oceanografic\u0103<\/p>\n<p>Monitorizare de mediu<\/p>\n<p>Monitorizare a conformit\u0103\u021bii lucr\u0103rilor<\/p>","protected":false},"excerpt":{"rendered":"<p>OBS-400 este cea mai accesibil\u0103 geamandur\u0103 meteoceanic care colecteaz\u0103 \u0219i transmite date \u00een timp real despre temperatura valurilor \u0219i a suprafe\u021bei m\u0103rii. Design eliptic superior pentru cea mai precis\u0103 urm\u0103rire a valurilor \u0219i m\u0103sur\u0103tori de temperatur\u0103 din clasa sa.<\/p>\n<p>&nbsp;<\/p>\n<p style=\"text-align: center;\"><a href=\"tel:+40727896565\"><strong>FIND OUT MORE DETAILS AND ORDER INFO AT +4 0727 896 565<\/strong><\/a><\/p>\n<p style=\"text-align: center;\"><strong><a href=\"mailto:contact@divepro.ro\">E-MAIL: contact@divepro.ro<\/a><\/strong><\/p>","protected":false},"featured_media":10243,"template":"","meta":[],"product_brand":[],"product_cat":[73,72],"product_tag":[],"class_list":{"0":"post-10242","1":"product","2":"type-product","3":"status-publish","4":"has-post-thumbnail","6":"product_cat-balize-valuri","7":"product_cat-mediu-marin","9":"first","10":"instock","11":"shipping-taxable","12":"product-type-simple"},"yoast_head":"<!-- This site is optimized with the Yoast SEO plugin v27.2 - https:\/\/yoast.com\/product\/yoast-seo-wordpress\/ -->\n<title>Baliz\u0103 valuri OBS-400 - Dive Pro<\/title>\n<meta name=\"robots\" content=\"index, follow, max-snippet:-1, max-image-preview:large, max-video-preview:-1\" \/>\n<link rel=\"canonical\" href=\"https:\/\/divepro.ro\/en\/product\/baliza-valuri-obs-400\/\" \/>\n<meta property=\"og:locale\" content=\"en_US\" \/>\n<meta property=\"og:type\" content=\"article\" \/>\n<meta property=\"og:title\" content=\"Baliz\u0103 valuri OBS-400 - Dive Pro\" \/>\n<meta property=\"og:description\" content=\"OBS-400 este cea mai accesibil\u0103 geamandur\u0103 meteoceanic care colecteaz\u0103 \u0219i transmite date \u00een timp real despre temperatura valurilor \u0219i a suprafe\u021bei m\u0103rii. Design eliptic superior pentru cea mai precis\u0103 urm\u0103rire a valurilor \u0219i m\u0103sur\u0103tori de temperatur\u0103 din clasa sa.  &nbsp; AFL\u0102 MAI MULTE DETALII \u0218I INFO COMENZI LA +4 0727 896 565 E-MAIL: contact@divepro.ro\" \/>\n<meta property=\"og:url\" content=\"https:\/\/divepro.ro\/en\/product\/baliza-valuri-obs-400\/\" \/>\n<meta property=\"og:site_name\" content=\"Dive Pro\" \/>\n<meta property=\"article:modified_time\" content=\"2026-03-18T12:36:03+00:00\" \/>\n<meta property=\"og:image\" content=\"https:\/\/divepro.ro\/wp-content\/uploads\/2026\/03\/02-obs-400-wave-buoy-a1.jpg\" \/>\n\t<meta property=\"og:image:width\" content=\"800\" \/>\n\t<meta property=\"og:image:height\" content=\"800\" \/>\n\t<meta property=\"og:image:type\" content=\"image\/jpeg\" \/>\n<meta name=\"twitter:card\" content=\"summary_large_image\" \/>\n<meta name=\"twitter:label1\" content=\"Est. reading time\" \/>\n\t<meta name=\"twitter:data1\" content=\"2 minutes\" \/>\n<script type=\"application\/ld+json\" class=\"yoast-schema-graph\">{\"@context\":\"https:\/\/schema.org\",\"@graph\":[{\"@type\":\"WebPage\",\"@id\":\"https:\/\/divepro.ro\/produs\/baliza-valuri-obs-400\/\",\"url\":\"https:\/\/divepro.ro\/produs\/baliza-valuri-obs-400\/\",\"name\":\"Baliz\u0103 valuri OBS-400 - Dive Pro\",\"isPartOf\":{\"@id\":\"https:\/\/divepro.ro\/#website\"},\"primaryImageOfPage\":{\"@id\":\"https:\/\/divepro.ro\/produs\/baliza-valuri-obs-400\/#primaryimage\"},\"image\":{\"@id\":\"https:\/\/divepro.ro\/produs\/baliza-valuri-obs-400\/#primaryimage\"},\"thumbnailUrl\":\"https:\/\/divepro.ro\/wp-content\/uploads\/2026\/03\/02-obs-400-wave-buoy-a1.jpg\",\"datePublished\":\"2026-03-06T13:57:51+00:00\",\"dateModified\":\"2026-03-18T12:36:03+00:00\",\"breadcrumb\":{\"@id\":\"https:\/\/divepro.ro\/produs\/baliza-valuri-obs-400\/#breadcrumb\"},\"inLanguage\":\"en-US\",\"potentialAction\":[{\"@type\":\"ReadAction\",\"target\":[\"https:\/\/divepro.ro\/produs\/baliza-valuri-obs-400\/\"]}]},{\"@type\":\"ImageObject\",\"inLanguage\":\"en-US\",\"@id\":\"https:\/\/divepro.ro\/produs\/baliza-valuri-obs-400\/#primaryimage\",\"url\":\"https:\/\/divepro.ro\/wp-content\/uploads\/2026\/03\/02-obs-400-wave-buoy-a1.jpg\",\"contentUrl\":\"https:\/\/divepro.ro\/wp-content\/uploads\/2026\/03\/02-obs-400-wave-buoy-a1.jpg\",\"width\":800,\"height\":800},{\"@type\":\"BreadcrumbList\",\"@id\":\"https:\/\/divepro.ro\/produs\/baliza-valuri-obs-400\/#breadcrumb\",\"itemListElement\":[{\"@type\":\"ListItem\",\"position\":1,\"name\":\"Prima pagin\u0103\",\"item\":\"https:\/\/divepro.ro\/\"},{\"@type\":\"ListItem\",\"position\":2,\"name\":\"Magazin\",\"item\":\"https:\/\/divepro.ro\/magazin\/\"},{\"@type\":\"ListItem\",\"position\":3,\"name\":\"Baliz\u0103 valuri OBS-400\"}]},{\"@type\":\"WebSite\",\"@id\":\"https:\/\/divepro.ro\/#website\",\"url\":\"https:\/\/divepro.ro\/\",\"name\":\"Dive Pro - ECHIPAMENTE \u0218I SERVICII NAVALE, MARITIME \u0218I FLUVIALE\",\"description\":\"Echipamente \u0219i servicii navale, maritime \u0219i fluviale\",\"publisher\":{\"@id\":\"https:\/\/divepro.ro\/#organization\"},\"potentialAction\":[{\"@type\":\"SearchAction\",\"target\":{\"@type\":\"EntryPoint\",\"urlTemplate\":\"https:\/\/divepro.ro\/?s={search_term_string}\"},\"query-input\":{\"@type\":\"PropertyValueSpecification\",\"valueRequired\":true,\"valueName\":\"search_term_string\"}}],\"inLanguage\":\"en-US\"},{\"@type\":\"Organization\",\"@id\":\"https:\/\/divepro.ro\/#organization\",\"name\":\"Dive Pro\",\"url\":\"https:\/\/divepro.ro\/\",\"logo\":{\"@type\":\"ImageObject\",\"inLanguage\":\"en-US\",\"@id\":\"https:\/\/divepro.ro\/#\/schema\/logo\/image\/\",\"url\":\"https:\/\/divepro.ro\/wp-content\/uploads\/2026\/02\/ico-fav-dive-d2-fav-mic.png\",\"contentUrl\":\"https:\/\/divepro.ro\/wp-content\/uploads\/2026\/02\/ico-fav-dive-d2-fav-mic.png\",\"width\":150,\"height\":150,\"caption\":\"Dive Pro\"},\"image\":{\"@id\":\"https:\/\/divepro.ro\/#\/schema\/logo\/image\/\"}}]}<\/script>\n<!-- \/ Yoast SEO plugin. -->","yoast_head_json":{"title":"Baliz\u0103 valuri OBS-400 - Dive Pro","robots":{"index":"index","follow":"follow","max-snippet":"max-snippet:-1","max-image-preview":"max-image-preview:large","max-video-preview":"max-video-preview:-1"},"canonical":"https:\/\/divepro.ro\/en\/product\/baliza-valuri-obs-400\/","og_locale":"en_US","og_type":"article","og_title":"Baliz\u0103 valuri OBS-400 - Dive Pro","og_description":"OBS-400 este cea mai accesibil\u0103 geamandur\u0103 meteoceanic care colecteaz\u0103 \u0219i transmite date \u00een timp real despre temperatura valurilor \u0219i a suprafe\u021bei m\u0103rii. Design eliptic superior pentru cea mai precis\u0103 urm\u0103rire a valurilor \u0219i m\u0103sur\u0103tori de temperatur\u0103 din clasa sa.  &nbsp; AFL\u0102 MAI MULTE DETALII \u0218I INFO COMENZI LA +4 0727 896 565 E-MAIL: contact@divepro.ro","og_url":"https:\/\/divepro.ro\/en\/product\/baliza-valuri-obs-400\/","og_site_name":"Dive Pro","article_modified_time":"2026-03-18T12:36:03+00:00","og_image":[{"width":800,"height":800,"url":"https:\/\/divepro.ro\/wp-content\/uploads\/2026\/03\/02-obs-400-wave-buoy-a1.jpg","type":"image\/jpeg"}],"twitter_card":"summary_large_image","twitter_misc":{"Est. reading time":"2 minutes"},"schema":{"@context":"https:\/\/schema.org","@graph":[{"@type":"WebPage","@id":"https:\/\/divepro.ro\/produs\/baliza-valuri-obs-400\/","url":"https:\/\/divepro.ro\/produs\/baliza-valuri-obs-400\/","name":"Baliz\u0103 valuri OBS-400 - Dive Pro","isPartOf":{"@id":"https:\/\/divepro.ro\/#website"},"primaryImageOfPage":{"@id":"https:\/\/divepro.ro\/produs\/baliza-valuri-obs-400\/#primaryimage"},"image":{"@id":"https:\/\/divepro.ro\/produs\/baliza-valuri-obs-400\/#primaryimage"},"thumbnailUrl":"https:\/\/divepro.ro\/wp-content\/uploads\/2026\/03\/02-obs-400-wave-buoy-a1.jpg","datePublished":"2026-03-06T13:57:51+00:00","dateModified":"2026-03-18T12:36:03+00:00","breadcrumb":{"@id":"https:\/\/divepro.ro\/produs\/baliza-valuri-obs-400\/#breadcrumb"},"inLanguage":"en-US","potentialAction":[{"@type":"ReadAction","target":["https:\/\/divepro.ro\/produs\/baliza-valuri-obs-400\/"]}]},{"@type":"ImageObject","inLanguage":"en-US","@id":"https:\/\/divepro.ro\/produs\/baliza-valuri-obs-400\/#primaryimage","url":"https:\/\/divepro.ro\/wp-content\/uploads\/2026\/03\/02-obs-400-wave-buoy-a1.jpg","contentUrl":"https:\/\/divepro.ro\/wp-content\/uploads\/2026\/03\/02-obs-400-wave-buoy-a1.jpg","width":800,"height":800},{"@type":"BreadcrumbList","@id":"https:\/\/divepro.ro\/produs\/baliza-valuri-obs-400\/#breadcrumb","itemListElement":[{"@type":"ListItem","position":1,"name":"Prima pagin\u0103","item":"https:\/\/divepro.ro\/"},{"@type":"ListItem","position":2,"name":"Magazin","item":"https:\/\/divepro.ro\/magazin\/"},{"@type":"ListItem","position":3,"name":"Baliz\u0103 valuri OBS-400"}]},{"@type":"WebSite","@id":"https:\/\/divepro.ro\/#website","url":"https:\/\/divepro.ro\/","name":"Dive Pro - ECHIPAMENTE \u0218I SERVICII NAVALE, MARITIME \u0218I FLUVIALE","description":"Echipamente \u0219i servicii navale, maritime \u0219i fluviale","publisher":{"@id":"https:\/\/divepro.ro\/#organization"},"potentialAction":[{"@type":"SearchAction","target":{"@type":"EntryPoint","urlTemplate":"https:\/\/divepro.ro\/?s={search_term_string}"},"query-input":{"@type":"PropertyValueSpecification","valueRequired":true,"valueName":"search_term_string"}}],"inLanguage":"en-US"},{"@type":"Organization","@id":"https:\/\/divepro.ro\/#organization","name":"Dive Pro","url":"https:\/\/divepro.ro\/","logo":{"@type":"ImageObject","inLanguage":"en-US","@id":"https:\/\/divepro.ro\/#\/schema\/logo\/image\/","url":"https:\/\/divepro.ro\/wp-content\/uploads\/2026\/02\/ico-fav-dive-d2-fav-mic.png","contentUrl":"https:\/\/divepro.ro\/wp-content\/uploads\/2026\/02\/ico-fav-dive-d2-fav-mic.png","width":150,"height":150,"caption":"Dive Pro"},"image":{"@id":"https:\/\/divepro.ro\/#\/schema\/logo\/image\/"}}]}},"_links":{"self":[{"href":"https:\/\/divepro.ro\/en\/wp-json\/wp\/v2\/product\/10242","targetHints":{"allow":["GET"]}}],"collection":[{"href":"https:\/\/divepro.ro\/en\/wp-json\/wp\/v2\/product"}],"about":[{"href":"https:\/\/divepro.ro\/en\/wp-json\/wp\/v2\/types\/product"}],"wp:featuredmedia":[{"embeddable":true,"href":"https:\/\/divepro.ro\/en\/wp-json\/wp\/v2\/media\/10243"}],"wp:attachment":[{"href":"https:\/\/divepro.ro\/en\/wp-json\/wp\/v2\/media?parent=10242"}],"wp:term":[{"taxonomy":"product_brand","embeddable":true,"href":"https:\/\/divepro.ro\/en\/wp-json\/wp\/v2\/product_brand?post=10242"},{"taxonomy":"product_cat","embeddable":true,"href":"https:\/\/divepro.ro\/en\/wp-json\/wp\/v2\/product_cat?post=10242"},{"taxonomy":"product_tag","embeddable":true,"href":"https:\/\/divepro.ro\/en\/wp-json\/wp\/v2\/product_tag?post=10242"}],"curies":[{"name":"wp","href":"https:\/\/api.w.org\/{rel}","templated":true}]}}