{"id":10254,"date":"2026-03-06T16:14:43","date_gmt":"2026-03-06T14:14:43","guid":{"rendered":"https:\/\/divepro.ro\/?post_type=product&#038;p=10254"},"modified":"2026-03-18T14:35:39","modified_gmt":"2026-03-18T12:35:39","slug":"statie-meteo","status":"publish","type":"product","link":"https:\/\/divepro.ro\/en\/product\/statie-meteo\/","title":{"rendered":"Weather station"},"content":{"rendered":"<p>PLOAIE SAU SUN\u0102, DATELE METEO LIVRATE LA BIROUL DUMNEAVOASTR\u0102<br \/>\nSta\u021bia meteo Obscape v\u0103 furnizeaz\u0103 date meteo \u00een timp real. Acest dispozitiv robust \u0219i u\u0219or de utilizat combin\u0103 modulul de alimentare \u0219i telemetrie Obscape cu un senzor meteo standard \u00een industrie. Panourile solare \u00eencorporate \u0219i conexiunea GSM garanteaz\u0103 o instalare u\u0219oar\u0103 \u00een orice mediu.<\/p>\n<p>Vremea este o condi\u021bie limit\u0103 important\u0103 pentru multe procese naturale. Prin ad\u0103ugarea sta\u021biei meteo la configura\u021bia dvs. de monitorizare a mediului, nu ve\u021bi trece cu vederea impactul v\u00e2ntului, ploii \u0219i al altor componente meteorologice din zona dvs. de interes.<\/p>\n<p>Sta\u021bia meteo poate fi instalat\u0103 pe balize marine FullOceans de diferite dimensiuni pentru a oferi o solu\u021bie complet\u0103 de m\u0103surare offshore.<\/p>\n<p>CARACTERISTICI CHEIE<br \/>\nDate meteo complete<br \/>\nComplet wireless<br \/>\nDate \u00een timp real<br \/>\nAlimentare solar\u0103<br \/>\nDate \u00een timp real de p\u00e2n\u0103 la 4G (upgradabile la satelit)<br \/>\nOp\u021biuni multiple de montare<br \/>\nPortal de date versatil inclus<br \/>\nVALOAREA DATELOR METEO<br \/>\nDatele meteo sunt o resurs\u0103 indispensabil\u0103 pentru orice program de monitorizare a mediului. V\u00e2ntul, temperatura, radia\u021bia solar\u0103 \u0219i precipita\u021biile sunt principalii factori ai dinamicii mediului. Indiferent dac\u0103 studia\u021bi dezvoltarea dunelor, gestionarea bazinelor hidrografice, scurgerea apelor pluviale sau valurile oceanice, totul \u00eencepe cu o \u00een\u021belegere aprofundat\u0103 a vremii locale. Prin urmare, sta\u021bia meteo Obscape ar trebui s\u0103 fie un element standard al configura\u021biei dvs. de monitorizare a mediului. Aceasta ofer\u0103 o gam\u0103 larg\u0103 de parametri meteorologici, inclusiv temperatura \u0219i presiunea aerului, viteza \u0219i direc\u021bia v\u00e2ntului, precipita\u021biile, radia\u021bia solar\u0103, umiditatea relativ\u0103 \u0219i fulgerele.<\/p>\n<p>COMPLET F\u0102R\u0102 FIR<\/p>\n<p>Sta\u021bia meteo este complet f\u0103r\u0103 fir. Alimentarea este furnizat\u0103 prin panouri solare \u00eencorporate, \u00een timp ce datele sunt transmise \u00een timp real folosind o conexiune 4G GSM. Prin urmare, sta\u021bia meteo este u\u0219or de instalat \u00een orice loca\u021bie dorit\u0103 \u00een raza de acoperire GSM. Nu este nevoie s\u0103 v\u0103 face\u021bi griji cu privire la accesul la re\u021beaua electric\u0103 sau la internet. Natura sa f\u0103r\u0103 fir face ca sta\u021bia meteo s\u0103 fie foarte potrivit\u0103 pentru monitorizarea zonelor \u00eendep\u0103rtate, cum ar fi plajele \u0219i rezerva\u021biile naturale.<\/p>","protected":false},"excerpt":{"rendered":"<p>Sta\u021bia meteo v\u0103 furnizeaz\u0103 date meteo \u00een timp real. Acest dispozitiv robust \u0219i u\u0219or de utilizat combin\u0103 modulul de alimentare \u0219i telemetrie Obscape cu un senzor meteo standard \u00een industrie. Panourile solare \u00eencorporate \u0219i conexiunea GSM garanteaz\u0103 o instalare u\u0219oar\u0103 \u00een orice mediu. Poate fi complet integrat\u0103 pe geamandurile marine FullOceans.<\/p>\n<p>&nbsp;<\/p>\n<p style=\"text-align: center;\"><a href=\"tel:+40727896565\"><strong>FIND OUT MORE DETAILS AND ORDER INFO AT +4 0727 896 565<\/strong><\/a><\/p>\n<p style=\"text-align: center;\"><strong><a href=\"mailto:contact@divepro.ro\">E-MAIL: contact@divepro.ro<\/a><\/strong><\/p>","protected":false},"featured_media":10255,"template":"","meta":[],"product_brand":[],"product_cat":[72],"product_tag":[],"class_list":{"0":"post-10254","1":"product","2":"type-product","3":"status-publish","4":"has-post-thumbnail","6":"product_cat-mediu-marin","8":"first","9":"instock","10":"shipping-taxable","11":"product-type-simple"},"yoast_head":"<!-- This site is optimized with the Yoast SEO plugin v27.2 - https:\/\/yoast.com\/product\/yoast-seo-wordpress\/ -->\n<title>Sta\u021bie meteo - Dive Pro<\/title>\n<meta name=\"robots\" content=\"index, follow, max-snippet:-1, max-image-preview:large, max-video-preview:-1\" \/>\n<link rel=\"canonical\" href=\"https:\/\/divepro.ro\/en\/product\/statie-meteo\/\" \/>\n<meta property=\"og:locale\" content=\"en_US\" \/>\n<meta property=\"og:type\" content=\"article\" \/>\n<meta property=\"og:title\" content=\"Sta\u021bie meteo - Dive Pro\" \/>\n<meta property=\"og:description\" content=\"Sta\u021bia meteo v\u0103 furnizeaz\u0103 date meteo \u00een timp real. Acest dispozitiv robust \u0219i u\u0219or de utilizat combin\u0103 modulul de alimentare \u0219i telemetrie Obscape cu un senzor meteo standard \u00een industrie. Panourile solare \u00eencorporate \u0219i conexiunea GSM garanteaz\u0103 o instalare u\u0219oar\u0103 \u00een orice mediu. Poate fi complet integrat\u0103 pe geamandurile marine FullOceans.  &nbsp; AFL\u0102 MAI MULTE DETALII \u0218I INFO COMENZI LA +4 0727 896 565 E-MAIL: contact@divepro.ro\" \/>\n<meta property=\"og:url\" content=\"https:\/\/divepro.ro\/en\/product\/statie-meteo\/\" \/>\n<meta property=\"og:site_name\" content=\"Dive Pro\" \/>\n<meta property=\"article:modified_time\" content=\"2026-03-18T12:35:39+00:00\" \/>\n<meta property=\"og:image\" content=\"https:\/\/divepro.ro\/wp-content\/uploads\/2026\/03\/01-weather-station-solar-powered.jpg\" \/>\n\t<meta property=\"og:image:width\" content=\"800\" \/>\n\t<meta property=\"og:image:height\" content=\"800\" \/>\n\t<meta property=\"og:image:type\" content=\"image\/jpeg\" \/>\n<meta name=\"twitter:card\" content=\"summary_large_image\" \/>\n<meta name=\"twitter:label1\" content=\"Est. reading time\" \/>\n\t<meta name=\"twitter:data1\" content=\"2 minutes\" \/>\n<script type=\"application\/ld+json\" class=\"yoast-schema-graph\">{\"@context\":\"https:\/\/schema.org\",\"@graph\":[{\"@type\":\"WebPage\",\"@id\":\"https:\/\/divepro.ro\/produs\/statie-meteo\/\",\"url\":\"https:\/\/divepro.ro\/produs\/statie-meteo\/\",\"name\":\"Sta\u021bie meteo - Dive Pro\",\"isPartOf\":{\"@id\":\"https:\/\/divepro.ro\/#website\"},\"primaryImageOfPage\":{\"@id\":\"https:\/\/divepro.ro\/produs\/statie-meteo\/#primaryimage\"},\"image\":{\"@id\":\"https:\/\/divepro.ro\/produs\/statie-meteo\/#primaryimage\"},\"thumbnailUrl\":\"https:\/\/divepro.ro\/wp-content\/uploads\/2026\/03\/01-weather-station-solar-powered.jpg\",\"datePublished\":\"2026-03-06T14:14:43+00:00\",\"dateModified\":\"2026-03-18T12:35:39+00:00\",\"breadcrumb\":{\"@id\":\"https:\/\/divepro.ro\/produs\/statie-meteo\/#breadcrumb\"},\"inLanguage\":\"en-US\",\"potentialAction\":[{\"@type\":\"ReadAction\",\"target\":[\"https:\/\/divepro.ro\/produs\/statie-meteo\/\"]}]},{\"@type\":\"ImageObject\",\"inLanguage\":\"en-US\",\"@id\":\"https:\/\/divepro.ro\/produs\/statie-meteo\/#primaryimage\",\"url\":\"https:\/\/divepro.ro\/wp-content\/uploads\/2026\/03\/01-weather-station-solar-powered.jpg\",\"contentUrl\":\"https:\/\/divepro.ro\/wp-content\/uploads\/2026\/03\/01-weather-station-solar-powered.jpg\",\"width\":800,\"height\":800},{\"@type\":\"BreadcrumbList\",\"@id\":\"https:\/\/divepro.ro\/produs\/statie-meteo\/#breadcrumb\",\"itemListElement\":[{\"@type\":\"ListItem\",\"position\":1,\"name\":\"Prima pagin\u0103\",\"item\":\"https:\/\/divepro.ro\/\"},{\"@type\":\"ListItem\",\"position\":2,\"name\":\"Magazin\",\"item\":\"https:\/\/divepro.ro\/magazin\/\"},{\"@type\":\"ListItem\",\"position\":3,\"name\":\"Sta\u021bie meteo\"}]},{\"@type\":\"WebSite\",\"@id\":\"https:\/\/divepro.ro\/#website\",\"url\":\"https:\/\/divepro.ro\/\",\"name\":\"Dive Pro - ECHIPAMENTE \u0218I SERVICII NAVALE, MARITIME \u0218I FLUVIALE\",\"description\":\"Echipamente \u0219i servicii navale, maritime \u0219i fluviale\",\"publisher\":{\"@id\":\"https:\/\/divepro.ro\/#organization\"},\"potentialAction\":[{\"@type\":\"SearchAction\",\"target\":{\"@type\":\"EntryPoint\",\"urlTemplate\":\"https:\/\/divepro.ro\/?s={search_term_string}\"},\"query-input\":{\"@type\":\"PropertyValueSpecification\",\"valueRequired\":true,\"valueName\":\"search_term_string\"}}],\"inLanguage\":\"en-US\"},{\"@type\":\"Organization\",\"@id\":\"https:\/\/divepro.ro\/#organization\",\"name\":\"Dive Pro\",\"url\":\"https:\/\/divepro.ro\/\",\"logo\":{\"@type\":\"ImageObject\",\"inLanguage\":\"en-US\",\"@id\":\"https:\/\/divepro.ro\/#\/schema\/logo\/image\/\",\"url\":\"https:\/\/divepro.ro\/wp-content\/uploads\/2026\/02\/ico-fav-dive-d2-fav-mic.png\",\"contentUrl\":\"https:\/\/divepro.ro\/wp-content\/uploads\/2026\/02\/ico-fav-dive-d2-fav-mic.png\",\"width\":150,\"height\":150,\"caption\":\"Dive Pro\"},\"image\":{\"@id\":\"https:\/\/divepro.ro\/#\/schema\/logo\/image\/\"}}]}<\/script>\n<!-- \/ Yoast SEO plugin. -->","yoast_head_json":{"title":"Sta\u021bie meteo - Dive Pro","robots":{"index":"index","follow":"follow","max-snippet":"max-snippet:-1","max-image-preview":"max-image-preview:large","max-video-preview":"max-video-preview:-1"},"canonical":"https:\/\/divepro.ro\/en\/product\/statie-meteo\/","og_locale":"en_US","og_type":"article","og_title":"Sta\u021bie meteo - Dive Pro","og_description":"Sta\u021bia meteo v\u0103 furnizeaz\u0103 date meteo \u00een timp real. Acest dispozitiv robust \u0219i u\u0219or de utilizat combin\u0103 modulul de alimentare \u0219i telemetrie Obscape cu un senzor meteo standard \u00een industrie. Panourile solare \u00eencorporate \u0219i conexiunea GSM garanteaz\u0103 o instalare u\u0219oar\u0103 \u00een orice mediu. Poate fi complet integrat\u0103 pe geamandurile marine FullOceans.  &nbsp; AFL\u0102 MAI MULTE DETALII \u0218I INFO COMENZI LA +4 0727 896 565 E-MAIL: contact@divepro.ro","og_url":"https:\/\/divepro.ro\/en\/product\/statie-meteo\/","og_site_name":"Dive Pro","article_modified_time":"2026-03-18T12:35:39+00:00","og_image":[{"width":800,"height":800,"url":"https:\/\/divepro.ro\/wp-content\/uploads\/2026\/03\/01-weather-station-solar-powered.jpg","type":"image\/jpeg"}],"twitter_card":"summary_large_image","twitter_misc":{"Est. reading time":"2 minutes"},"schema":{"@context":"https:\/\/schema.org","@graph":[{"@type":"WebPage","@id":"https:\/\/divepro.ro\/produs\/statie-meteo\/","url":"https:\/\/divepro.ro\/produs\/statie-meteo\/","name":"Sta\u021bie meteo - Dive Pro","isPartOf":{"@id":"https:\/\/divepro.ro\/#website"},"primaryImageOfPage":{"@id":"https:\/\/divepro.ro\/produs\/statie-meteo\/#primaryimage"},"image":{"@id":"https:\/\/divepro.ro\/produs\/statie-meteo\/#primaryimage"},"thumbnailUrl":"https:\/\/divepro.ro\/wp-content\/uploads\/2026\/03\/01-weather-station-solar-powered.jpg","datePublished":"2026-03-06T14:14:43+00:00","dateModified":"2026-03-18T12:35:39+00:00","breadcrumb":{"@id":"https:\/\/divepro.ro\/produs\/statie-meteo\/#breadcrumb"},"inLanguage":"en-US","potentialAction":[{"@type":"ReadAction","target":["https:\/\/divepro.ro\/produs\/statie-meteo\/"]}]},{"@type":"ImageObject","inLanguage":"en-US","@id":"https:\/\/divepro.ro\/produs\/statie-meteo\/#primaryimage","url":"https:\/\/divepro.ro\/wp-content\/uploads\/2026\/03\/01-weather-station-solar-powered.jpg","contentUrl":"https:\/\/divepro.ro\/wp-content\/uploads\/2026\/03\/01-weather-station-solar-powered.jpg","width":800,"height":800},{"@type":"BreadcrumbList","@id":"https:\/\/divepro.ro\/produs\/statie-meteo\/#breadcrumb","itemListElement":[{"@type":"ListItem","position":1,"name":"Prima pagin\u0103","item":"https:\/\/divepro.ro\/"},{"@type":"ListItem","position":2,"name":"Magazin","item":"https:\/\/divepro.ro\/magazin\/"},{"@type":"ListItem","position":3,"name":"Sta\u021bie meteo"}]},{"@type":"WebSite","@id":"https:\/\/divepro.ro\/#website","url":"https:\/\/divepro.ro\/","name":"Dive Pro - ECHIPAMENTE \u0218I SERVICII NAVALE, MARITIME \u0218I FLUVIALE","description":"Echipamente \u0219i servicii navale, maritime \u0219i fluviale","publisher":{"@id":"https:\/\/divepro.ro\/#organization"},"potentialAction":[{"@type":"SearchAction","target":{"@type":"EntryPoint","urlTemplate":"https:\/\/divepro.ro\/?s={search_term_string}"},"query-input":{"@type":"PropertyValueSpecification","valueRequired":true,"valueName":"search_term_string"}}],"inLanguage":"en-US"},{"@type":"Organization","@id":"https:\/\/divepro.ro\/#organization","name":"Dive Pro","url":"https:\/\/divepro.ro\/","logo":{"@type":"ImageObject","inLanguage":"en-US","@id":"https:\/\/divepro.ro\/#\/schema\/logo\/image\/","url":"https:\/\/divepro.ro\/wp-content\/uploads\/2026\/02\/ico-fav-dive-d2-fav-mic.png","contentUrl":"https:\/\/divepro.ro\/wp-content\/uploads\/2026\/02\/ico-fav-dive-d2-fav-mic.png","width":150,"height":150,"caption":"Dive Pro"},"image":{"@id":"https:\/\/divepro.ro\/#\/schema\/logo\/image\/"}}]}},"_links":{"self":[{"href":"https:\/\/divepro.ro\/en\/wp-json\/wp\/v2\/product\/10254","targetHints":{"allow":["GET"]}}],"collection":[{"href":"https:\/\/divepro.ro\/en\/wp-json\/wp\/v2\/product"}],"about":[{"href":"https:\/\/divepro.ro\/en\/wp-json\/wp\/v2\/types\/product"}],"wp:featuredmedia":[{"embeddable":true,"href":"https:\/\/divepro.ro\/en\/wp-json\/wp\/v2\/media\/10255"}],"wp:attachment":[{"href":"https:\/\/divepro.ro\/en\/wp-json\/wp\/v2\/media?parent=10254"}],"wp:term":[{"taxonomy":"product_brand","embeddable":true,"href":"https:\/\/divepro.ro\/en\/wp-json\/wp\/v2\/product_brand?post=10254"},{"taxonomy":"product_cat","embeddable":true,"href":"https:\/\/divepro.ro\/en\/wp-json\/wp\/v2\/product_cat?post=10254"},{"taxonomy":"product_tag","embeddable":true,"href":"https:\/\/divepro.ro\/en\/wp-json\/wp\/v2\/product_tag?post=10254"}],"curies":[{"name":"wp","href":"https:\/\/api.w.org\/{rel}","templated":true}]}}