{"id":10256,"date":"2026-03-06T16:17:57","date_gmt":"2026-03-06T14:17:57","guid":{"rendered":"https:\/\/divepro.ro\/?post_type=product&#038;p=10256"},"modified":"2026-03-18T14:35:29","modified_gmt":"2026-03-18T12:35:29","slug":"camera-in-timp-real","status":"publish","type":"product","link":"https:\/\/divepro.ro\/en\/product\/camera-in-timp-real\/","title":{"rendered":"Real-time camera"},"content":{"rendered":"<p>Camera Time-Lapse este o solu\u021bie robust\u0103, complet wireless, care ofer\u0103 imagini time-lapse pe desktop \u00een timp real. V\u0103 permite s\u0103 arunca\u021bi o privire asupra zonei dvs. de interes \u00een orice moment al zilei, oriunde v-a\u021bi afla.<\/p>\n<p>Indiferent dac\u0103 monitoriza\u021bi eroziunea costier\u0103, progresul lucr\u0103rilor de construc\u021bie, frecventarea plajelor sau cre\u0219terea vegeta\u021biei, imaginile time-lapse v\u0103 pot ajuta s\u0103 colecta\u021bi datele necesare. Datorit\u0103 naturii sale wireless \u0219i a carcasei compacte, camera noastr\u0103 Time-Lapse este u\u0219or de implementat \u00een orice mediu.<\/p>\n<p>CARACTERISTICI PRINCIPALE<br \/>\nRezolu\u021bie de p\u00e2n\u0103 la 5MP<br \/>\nSau \u00een versiune HQ, calitate a imaginii de p\u00e2n\u0103 la 12,3MP<br \/>\nDate \u00een timp real (imagini individuale la intervale)<br \/>\nComplet wireless<br \/>\nAlimentare solar\u0103<br \/>\nDate \u00een timp real de p\u00e2n\u0103 la 4G<br \/>\nOp\u021biuni multiple de montare<br \/>\nPortal de date versatil inclus<br \/>\nSta\u021bia meteo poate fi instalat\u0103 pe balize marine FullOceans de diferite dimensiuni pentru a oferi o solu\u021bie complet\u0103 de m\u0103surare offshore<\/p>\n<p>ACOPERIREA TIMPULUI \u0218I A SPA\u021aIULUI<br \/>\nMajoritatea sistemelor de m\u0103surare vor colecta fie m\u0103sur\u0103tori punctuale continue (de exemplu, un senzor de presiune), fie m\u0103sur\u0103tori spa\u021biale sporadice (de exemplu, un studiu GPS). Primele nu dezv\u0103luie variabilitate spa\u021bial\u0103, \u00een timp ce cele din urm\u0103 nu dezv\u0103luie variabilitate temporal\u0103 fin\u0103 a mediului observat. Camerele Time-Lapse sunt partenerul ideal pentru a umple aceste goluri \u0219i a ob\u021bine o acoperire dens\u0103 a dinamicii spa\u021biale \u0219i temporale, permi\u021b\u00e2ndu-v\u0103 s\u0103 urm\u0103ri\u021bi \u00eendeaproape tot ceea ce se \u00eent\u00e2mpl\u0103 \u00een zona dvs. de interes.<\/p>\n<p>COMPLET WIRELESS<br \/>\nCamera Time-Lapse este complet wireless. Alimentarea cu energie este realizat\u0103 prin panouri solare \u00eencorporate, iar imaginile sunt transmise \u00een timp real folosind o conexiune 4G GSM. Prin urmare, camera Time-Lapse este u\u0219or de instalat \u00een orice loca\u021bie dorit\u0103, \u00een raza de acoperire GSM. Nu este nevoie s\u0103 v\u0103 face\u021bi griji cu privire la accesul la re\u021beaua electric\u0103 sau la internet. Natura sa wireless face ca camera s\u0103 fie foarte potrivit\u0103 pentru monitorizarea de la distan\u021b\u0103 a unor zone precum lucr\u0103ri de construc\u021bii, structuri offshore, zone urbane, ape dulci, plaje \u0219i rezerva\u021bii naturale.<\/p>","protected":false},"excerpt":{"rendered":"<p>Camera Time-Lapse este o solu\u021bie robust\u0103, complet wireless, care ofer\u0103 imagini time-lapse pe desktop \u00een timp real. V\u0103 permite s\u0103 arunca\u021bi o privire asupra zonei de interes \u00een orice moment al zilei, oriunde v-a\u021bi afla.<\/p>\n<p>&nbsp;<\/p>\n<p style=\"text-align: center;\"><a href=\"tel:+40727896565\"><strong>FIND OUT MORE DETAILS AND ORDER INFO AT +4 0727 896 565<\/strong><\/a><\/p>\n<p style=\"text-align: center;\"><strong><a href=\"mailto:contact@divepro.ro\">E-MAIL: contact@divepro.ro<\/a><\/strong><\/p>","protected":false},"featured_media":10257,"template":"","meta":[],"product_brand":[],"product_cat":[72],"product_tag":[],"class_list":{"0":"post-10256","1":"product","2":"type-product","3":"status-publish","4":"has-post-thumbnail","6":"product_cat-mediu-marin","8":"first","9":"instock","10":"shipping-taxable","11":"product-type-simple"},"yoast_head":"<!-- This site is optimized with the Yoast SEO plugin v27.2 - https:\/\/yoast.com\/product\/yoast-seo-wordpress\/ -->\n<title>Camer\u0103 \u00een timp real - Dive Pro<\/title>\n<meta name=\"robots\" content=\"index, follow, max-snippet:-1, max-image-preview:large, max-video-preview:-1\" \/>\n<link rel=\"canonical\" href=\"https:\/\/divepro.ro\/en\/product\/camera-in-timp-real\/\" \/>\n<meta property=\"og:locale\" content=\"en_US\" \/>\n<meta property=\"og:type\" content=\"article\" \/>\n<meta property=\"og:title\" content=\"Camer\u0103 \u00een timp real - Dive Pro\" \/>\n<meta property=\"og:description\" content=\"Camera Time-Lapse este o solu\u021bie robust\u0103, complet wireless, care ofer\u0103 imagini time-lapse pe desktop \u00een timp real. V\u0103 permite s\u0103 arunca\u021bi o privire asupra zonei de interes \u00een orice moment al zilei, oriunde v-a\u021bi afla.  &nbsp; AFL\u0102 MAI MULTE DETALII \u0218I INFO COMENZI LA +4 0727 896 565 E-MAIL: contact@divepro.ro\" \/>\n<meta property=\"og:url\" content=\"https:\/\/divepro.ro\/en\/product\/camera-in-timp-real\/\" \/>\n<meta property=\"og:site_name\" content=\"Dive Pro\" \/>\n<meta property=\"article:modified_time\" content=\"2026-03-18T12:35:29+00:00\" \/>\n<meta property=\"og:image\" content=\"https:\/\/divepro.ro\/wp-content\/uploads\/2026\/03\/02-real-time-camera-a1.jpg\" \/>\n\t<meta property=\"og:image:width\" content=\"800\" \/>\n\t<meta property=\"og:image:height\" content=\"800\" \/>\n\t<meta property=\"og:image:type\" content=\"image\/jpeg\" \/>\n<meta name=\"twitter:card\" content=\"summary_large_image\" \/>\n<meta name=\"twitter:label1\" content=\"Est. reading time\" \/>\n\t<meta name=\"twitter:data1\" content=\"2 minutes\" \/>\n<script type=\"application\/ld+json\" class=\"yoast-schema-graph\">{\"@context\":\"https:\/\/schema.org\",\"@graph\":[{\"@type\":\"WebPage\",\"@id\":\"https:\/\/divepro.ro\/produs\/camera-in-timp-real\/\",\"url\":\"https:\/\/divepro.ro\/produs\/camera-in-timp-real\/\",\"name\":\"Camer\u0103 \u00een timp real - Dive Pro\",\"isPartOf\":{\"@id\":\"https:\/\/divepro.ro\/#website\"},\"primaryImageOfPage\":{\"@id\":\"https:\/\/divepro.ro\/produs\/camera-in-timp-real\/#primaryimage\"},\"image\":{\"@id\":\"https:\/\/divepro.ro\/produs\/camera-in-timp-real\/#primaryimage\"},\"thumbnailUrl\":\"https:\/\/divepro.ro\/wp-content\/uploads\/2026\/03\/02-real-time-camera-a1.jpg\",\"datePublished\":\"2026-03-06T14:17:57+00:00\",\"dateModified\":\"2026-03-18T12:35:29+00:00\",\"breadcrumb\":{\"@id\":\"https:\/\/divepro.ro\/produs\/camera-in-timp-real\/#breadcrumb\"},\"inLanguage\":\"en-US\",\"potentialAction\":[{\"@type\":\"ReadAction\",\"target\":[\"https:\/\/divepro.ro\/produs\/camera-in-timp-real\/\"]}]},{\"@type\":\"ImageObject\",\"inLanguage\":\"en-US\",\"@id\":\"https:\/\/divepro.ro\/produs\/camera-in-timp-real\/#primaryimage\",\"url\":\"https:\/\/divepro.ro\/wp-content\/uploads\/2026\/03\/02-real-time-camera-a1.jpg\",\"contentUrl\":\"https:\/\/divepro.ro\/wp-content\/uploads\/2026\/03\/02-real-time-camera-a1.jpg\",\"width\":800,\"height\":800},{\"@type\":\"BreadcrumbList\",\"@id\":\"https:\/\/divepro.ro\/produs\/camera-in-timp-real\/#breadcrumb\",\"itemListElement\":[{\"@type\":\"ListItem\",\"position\":1,\"name\":\"Prima pagin\u0103\",\"item\":\"https:\/\/divepro.ro\/\"},{\"@type\":\"ListItem\",\"position\":2,\"name\":\"Magazin\",\"item\":\"https:\/\/divepro.ro\/magazin\/\"},{\"@type\":\"ListItem\",\"position\":3,\"name\":\"Camer\u0103 \u00een timp real\"}]},{\"@type\":\"WebSite\",\"@id\":\"https:\/\/divepro.ro\/#website\",\"url\":\"https:\/\/divepro.ro\/\",\"name\":\"Dive Pro - ECHIPAMENTE \u0218I SERVICII NAVALE, MARITIME \u0218I FLUVIALE\",\"description\":\"Echipamente \u0219i servicii navale, maritime \u0219i fluviale\",\"publisher\":{\"@id\":\"https:\/\/divepro.ro\/#organization\"},\"potentialAction\":[{\"@type\":\"SearchAction\",\"target\":{\"@type\":\"EntryPoint\",\"urlTemplate\":\"https:\/\/divepro.ro\/?s={search_term_string}\"},\"query-input\":{\"@type\":\"PropertyValueSpecification\",\"valueRequired\":true,\"valueName\":\"search_term_string\"}}],\"inLanguage\":\"en-US\"},{\"@type\":\"Organization\",\"@id\":\"https:\/\/divepro.ro\/#organization\",\"name\":\"Dive Pro\",\"url\":\"https:\/\/divepro.ro\/\",\"logo\":{\"@type\":\"ImageObject\",\"inLanguage\":\"en-US\",\"@id\":\"https:\/\/divepro.ro\/#\/schema\/logo\/image\/\",\"url\":\"https:\/\/divepro.ro\/wp-content\/uploads\/2026\/02\/ico-fav-dive-d2-fav-mic.png\",\"contentUrl\":\"https:\/\/divepro.ro\/wp-content\/uploads\/2026\/02\/ico-fav-dive-d2-fav-mic.png\",\"width\":150,\"height\":150,\"caption\":\"Dive Pro\"},\"image\":{\"@id\":\"https:\/\/divepro.ro\/#\/schema\/logo\/image\/\"}}]}<\/script>\n<!-- \/ Yoast SEO plugin. -->","yoast_head_json":{"title":"Camer\u0103 \u00een timp real - Dive Pro","robots":{"index":"index","follow":"follow","max-snippet":"max-snippet:-1","max-image-preview":"max-image-preview:large","max-video-preview":"max-video-preview:-1"},"canonical":"https:\/\/divepro.ro\/en\/product\/camera-in-timp-real\/","og_locale":"en_US","og_type":"article","og_title":"Camer\u0103 \u00een timp real - Dive Pro","og_description":"Camera Time-Lapse este o solu\u021bie robust\u0103, complet wireless, care ofer\u0103 imagini time-lapse pe desktop \u00een timp real. V\u0103 permite s\u0103 arunca\u021bi o privire asupra zonei de interes \u00een orice moment al zilei, oriunde v-a\u021bi afla.  &nbsp; AFL\u0102 MAI MULTE DETALII \u0218I INFO COMENZI LA +4 0727 896 565 E-MAIL: contact@divepro.ro","og_url":"https:\/\/divepro.ro\/en\/product\/camera-in-timp-real\/","og_site_name":"Dive Pro","article_modified_time":"2026-03-18T12:35:29+00:00","og_image":[{"width":800,"height":800,"url":"https:\/\/divepro.ro\/wp-content\/uploads\/2026\/03\/02-real-time-camera-a1.jpg","type":"image\/jpeg"}],"twitter_card":"summary_large_image","twitter_misc":{"Est. reading time":"2 minutes"},"schema":{"@context":"https:\/\/schema.org","@graph":[{"@type":"WebPage","@id":"https:\/\/divepro.ro\/produs\/camera-in-timp-real\/","url":"https:\/\/divepro.ro\/produs\/camera-in-timp-real\/","name":"Camer\u0103 \u00een timp real - Dive Pro","isPartOf":{"@id":"https:\/\/divepro.ro\/#website"},"primaryImageOfPage":{"@id":"https:\/\/divepro.ro\/produs\/camera-in-timp-real\/#primaryimage"},"image":{"@id":"https:\/\/divepro.ro\/produs\/camera-in-timp-real\/#primaryimage"},"thumbnailUrl":"https:\/\/divepro.ro\/wp-content\/uploads\/2026\/03\/02-real-time-camera-a1.jpg","datePublished":"2026-03-06T14:17:57+00:00","dateModified":"2026-03-18T12:35:29+00:00","breadcrumb":{"@id":"https:\/\/divepro.ro\/produs\/camera-in-timp-real\/#breadcrumb"},"inLanguage":"en-US","potentialAction":[{"@type":"ReadAction","target":["https:\/\/divepro.ro\/produs\/camera-in-timp-real\/"]}]},{"@type":"ImageObject","inLanguage":"en-US","@id":"https:\/\/divepro.ro\/produs\/camera-in-timp-real\/#primaryimage","url":"https:\/\/divepro.ro\/wp-content\/uploads\/2026\/03\/02-real-time-camera-a1.jpg","contentUrl":"https:\/\/divepro.ro\/wp-content\/uploads\/2026\/03\/02-real-time-camera-a1.jpg","width":800,"height":800},{"@type":"BreadcrumbList","@id":"https:\/\/divepro.ro\/produs\/camera-in-timp-real\/#breadcrumb","itemListElement":[{"@type":"ListItem","position":1,"name":"Prima pagin\u0103","item":"https:\/\/divepro.ro\/"},{"@type":"ListItem","position":2,"name":"Magazin","item":"https:\/\/divepro.ro\/magazin\/"},{"@type":"ListItem","position":3,"name":"Camer\u0103 \u00een timp real"}]},{"@type":"WebSite","@id":"https:\/\/divepro.ro\/#website","url":"https:\/\/divepro.ro\/","name":"Dive Pro - ECHIPAMENTE \u0218I SERVICII NAVALE, MARITIME \u0218I FLUVIALE","description":"Echipamente \u0219i servicii navale, maritime \u0219i fluviale","publisher":{"@id":"https:\/\/divepro.ro\/#organization"},"potentialAction":[{"@type":"SearchAction","target":{"@type":"EntryPoint","urlTemplate":"https:\/\/divepro.ro\/?s={search_term_string}"},"query-input":{"@type":"PropertyValueSpecification","valueRequired":true,"valueName":"search_term_string"}}],"inLanguage":"en-US"},{"@type":"Organization","@id":"https:\/\/divepro.ro\/#organization","name":"Dive Pro","url":"https:\/\/divepro.ro\/","logo":{"@type":"ImageObject","inLanguage":"en-US","@id":"https:\/\/divepro.ro\/#\/schema\/logo\/image\/","url":"https:\/\/divepro.ro\/wp-content\/uploads\/2026\/02\/ico-fav-dive-d2-fav-mic.png","contentUrl":"https:\/\/divepro.ro\/wp-content\/uploads\/2026\/02\/ico-fav-dive-d2-fav-mic.png","width":150,"height":150,"caption":"Dive Pro"},"image":{"@id":"https:\/\/divepro.ro\/#\/schema\/logo\/image\/"}}]}},"_links":{"self":[{"href":"https:\/\/divepro.ro\/en\/wp-json\/wp\/v2\/product\/10256","targetHints":{"allow":["GET"]}}],"collection":[{"href":"https:\/\/divepro.ro\/en\/wp-json\/wp\/v2\/product"}],"about":[{"href":"https:\/\/divepro.ro\/en\/wp-json\/wp\/v2\/types\/product"}],"wp:featuredmedia":[{"embeddable":true,"href":"https:\/\/divepro.ro\/en\/wp-json\/wp\/v2\/media\/10257"}],"wp:attachment":[{"href":"https:\/\/divepro.ro\/en\/wp-json\/wp\/v2\/media?parent=10256"}],"wp:term":[{"taxonomy":"product_brand","embeddable":true,"href":"https:\/\/divepro.ro\/en\/wp-json\/wp\/v2\/product_brand?post=10256"},{"taxonomy":"product_cat","embeddable":true,"href":"https:\/\/divepro.ro\/en\/wp-json\/wp\/v2\/product_cat?post=10256"},{"taxonomy":"product_tag","embeddable":true,"href":"https:\/\/divepro.ro\/en\/wp-json\/wp\/v2\/product_tag?post=10256"}],"curies":[{"name":"wp","href":"https:\/\/api.w.org\/{rel}","templated":true}]}}