{"id":10392,"date":"2026-03-20T11:00:05","date_gmt":"2026-03-20T09:00:05","guid":{"rendered":"https:\/\/divepro.ro\/?post_type=product&#038;p=10392"},"modified":"2026-03-20T11:10:17","modified_gmt":"2026-03-20T09:10:17","slug":"sprayhood-universal","status":"publish","type":"product","link":"https:\/\/divepro.ro\/en\/product\/sprayhood-universal\/","title":{"rendered":"SPRAYHOOD UNIVERSAL"},"content":{"rendered":"","protected":false},"excerpt":{"rendered":"<p>Vesta de salvare gonflabil\u0103 EVAL este conceput\u0103 pentru a cre\u0219te \u0219ansele de supravie\u021buire prin reducerea riscului de \u00eenec secundar. Aceasta ofer\u0103 protec\u021bie suplimentar\u0103 \u00eempotriva valurilor, reduce cantitatea de spray inhalat\u0103 \u0219i \u00eembun\u0103t\u0103\u021be\u0219te vizibilitatea utilizatorului \u00een condi\u021bii de supravie\u021buire, cu culoarea sa fluorescent\u0103 str\u0103lucitoare \u0219i benzile retroreflectorizante SOLAS.<\/p>\n<p>Compatibil\u0103 cu toate vestele de salvare gonflabile EVAL \u0219i u\u0219or de utilizat.<\/p>\n<p>&nbsp;<\/p>\n<p style=\"text-align: center;\"><a href=\"tel:+40727896565\"><strong>FIND OUT MORE DETAILS AND ORDER INFO AT +4 0727 896 565<\/strong><\/a><\/p>\n<p style=\"text-align: center;\"><strong><a href=\"mailto:contact@divepro.ro\">E-MAIL: contact@divepro.ro<\/a><\/strong><\/p>","protected":false},"featured_media":10394,"template":"","meta":[],"product_brand":[],"product_cat":[91,80],"product_tag":[],"class_list":{"0":"post-10392","1":"product","2":"type-product","3":"status-publish","4":"has-post-thumbnail","6":"product_cat-accesorii","7":"product_cat-echipament-de-siguranta","9":"first","10":"instock","11":"shipping-taxable","12":"product-type-simple"},"yoast_head":"<!-- This site is optimized with the Yoast SEO plugin v27.2 - https:\/\/yoast.com\/product\/yoast-seo-wordpress\/ -->\n<title>SPRAYHOOD UNIVERSAL - Dive Pro<\/title>\n<meta name=\"robots\" content=\"index, follow, max-snippet:-1, max-image-preview:large, max-video-preview:-1\" \/>\n<link rel=\"canonical\" href=\"https:\/\/divepro.ro\/en\/product\/sprayhood-universal\/\" \/>\n<meta property=\"og:locale\" content=\"en_US\" \/>\n<meta property=\"og:type\" content=\"article\" \/>\n<meta property=\"og:title\" content=\"SPRAYHOOD UNIVERSAL - Dive Pro\" \/>\n<meta property=\"og:description\" content=\"Vesta de salvare gonflabil\u0103 EVAL este conceput\u0103 pentru a cre\u0219te \u0219ansele de supravie\u021buire prin reducerea riscului de \u00eenec secundar. Aceasta ofer\u0103 protec\u021bie suplimentar\u0103 \u00eempotriva valurilor, reduce cantitatea de spray inhalat\u0103 \u0219i \u00eembun\u0103t\u0103\u021be\u0219te vizibilitatea utilizatorului \u00een condi\u021bii de supravie\u021buire, cu culoarea sa fluorescent\u0103 str\u0103lucitoare \u0219i benzile retroreflectorizante SOLAS.  Compatibil\u0103 cu toate vestele de salvare gonflabile EVAL \u0219i u\u0219or de utilizat.  &nbsp; AFL\u0102 MAI MULTE DETALII \u0218I INFO COMENZI LA +4 0727 896 565 E-MAIL: contact@divepro.ro\" \/>\n<meta property=\"og:url\" content=\"https:\/\/divepro.ro\/en\/product\/sprayhood-universal\/\" \/>\n<meta property=\"og:site_name\" content=\"Dive Pro\" \/>\n<meta property=\"article:modified_time\" content=\"2026-03-20T09:10:17+00:00\" \/>\n<meta property=\"og:image\" content=\"https:\/\/divepro.ro\/wp-content\/uploads\/2026\/03\/04-04751_1.jpg\" \/>\n\t<meta property=\"og:image:width\" content=\"1229\" \/>\n\t<meta property=\"og:image:height\" content=\"2048\" \/>\n\t<meta property=\"og:image:type\" content=\"image\/jpeg\" \/>\n<meta name=\"twitter:card\" content=\"summary_large_image\" \/>\n<meta name=\"twitter:label1\" content=\"Est. reading time\" \/>\n\t<meta name=\"twitter:data1\" content=\"1 minute\" \/>\n<script type=\"application\/ld+json\" class=\"yoast-schema-graph\">{\"@context\":\"https:\/\/schema.org\",\"@graph\":[{\"@type\":\"WebPage\",\"@id\":\"https:\/\/divepro.ro\/produs\/sprayhood-universal\/\",\"url\":\"https:\/\/divepro.ro\/produs\/sprayhood-universal\/\",\"name\":\"SPRAYHOOD UNIVERSAL - Dive Pro\",\"isPartOf\":{\"@id\":\"https:\/\/divepro.ro\/#website\"},\"primaryImageOfPage\":{\"@id\":\"https:\/\/divepro.ro\/produs\/sprayhood-universal\/#primaryimage\"},\"image\":{\"@id\":\"https:\/\/divepro.ro\/produs\/sprayhood-universal\/#primaryimage\"},\"thumbnailUrl\":\"https:\/\/divepro.ro\/wp-content\/uploads\/2026\/03\/04-04751_1.jpg\",\"datePublished\":\"2026-03-20T09:00:05+00:00\",\"dateModified\":\"2026-03-20T09:10:17+00:00\",\"breadcrumb\":{\"@id\":\"https:\/\/divepro.ro\/produs\/sprayhood-universal\/#breadcrumb\"},\"inLanguage\":\"en-US\",\"potentialAction\":[{\"@type\":\"ReadAction\",\"target\":[\"https:\/\/divepro.ro\/produs\/sprayhood-universal\/\"]}]},{\"@type\":\"ImageObject\",\"inLanguage\":\"en-US\",\"@id\":\"https:\/\/divepro.ro\/produs\/sprayhood-universal\/#primaryimage\",\"url\":\"https:\/\/divepro.ro\/wp-content\/uploads\/2026\/03\/04-04751_1.jpg\",\"contentUrl\":\"https:\/\/divepro.ro\/wp-content\/uploads\/2026\/03\/04-04751_1.jpg\",\"width\":1229,\"height\":2048},{\"@type\":\"BreadcrumbList\",\"@id\":\"https:\/\/divepro.ro\/produs\/sprayhood-universal\/#breadcrumb\",\"itemListElement\":[{\"@type\":\"ListItem\",\"position\":1,\"name\":\"Prima pagin\u0103\",\"item\":\"https:\/\/divepro.ro\/\"},{\"@type\":\"ListItem\",\"position\":2,\"name\":\"Magazin\",\"item\":\"https:\/\/divepro.ro\/magazin\/\"},{\"@type\":\"ListItem\",\"position\":3,\"name\":\"SPRAYHOOD UNIVERSAL\"}]},{\"@type\":\"WebSite\",\"@id\":\"https:\/\/divepro.ro\/#website\",\"url\":\"https:\/\/divepro.ro\/\",\"name\":\"Dive Pro - ECHIPAMENTE \u0218I SERVICII NAVALE, MARITIME \u0218I FLUVIALE\",\"description\":\"Echipamente \u0219i servicii navale, maritime \u0219i fluviale\",\"publisher\":{\"@id\":\"https:\/\/divepro.ro\/#organization\"},\"potentialAction\":[{\"@type\":\"SearchAction\",\"target\":{\"@type\":\"EntryPoint\",\"urlTemplate\":\"https:\/\/divepro.ro\/?s={search_term_string}\"},\"query-input\":{\"@type\":\"PropertyValueSpecification\",\"valueRequired\":true,\"valueName\":\"search_term_string\"}}],\"inLanguage\":\"en-US\"},{\"@type\":\"Organization\",\"@id\":\"https:\/\/divepro.ro\/#organization\",\"name\":\"Dive Pro\",\"url\":\"https:\/\/divepro.ro\/\",\"logo\":{\"@type\":\"ImageObject\",\"inLanguage\":\"en-US\",\"@id\":\"https:\/\/divepro.ro\/#\/schema\/logo\/image\/\",\"url\":\"https:\/\/divepro.ro\/wp-content\/uploads\/2026\/02\/ico-fav-dive-d2-fav-mic.png\",\"contentUrl\":\"https:\/\/divepro.ro\/wp-content\/uploads\/2026\/02\/ico-fav-dive-d2-fav-mic.png\",\"width\":150,\"height\":150,\"caption\":\"Dive Pro\"},\"image\":{\"@id\":\"https:\/\/divepro.ro\/#\/schema\/logo\/image\/\"}}]}<\/script>\n<!-- \/ Yoast SEO plugin. -->","yoast_head_json":{"title":"SPRAYHOOD UNIVERSAL - Dive Pro","robots":{"index":"index","follow":"follow","max-snippet":"max-snippet:-1","max-image-preview":"max-image-preview:large","max-video-preview":"max-video-preview:-1"},"canonical":"https:\/\/divepro.ro\/en\/product\/sprayhood-universal\/","og_locale":"en_US","og_type":"article","og_title":"SPRAYHOOD UNIVERSAL - Dive Pro","og_description":"Vesta de salvare gonflabil\u0103 EVAL este conceput\u0103 pentru a cre\u0219te \u0219ansele de supravie\u021buire prin reducerea riscului de \u00eenec secundar. Aceasta ofer\u0103 protec\u021bie suplimentar\u0103 \u00eempotriva valurilor, reduce cantitatea de spray inhalat\u0103 \u0219i \u00eembun\u0103t\u0103\u021be\u0219te vizibilitatea utilizatorului \u00een condi\u021bii de supravie\u021buire, cu culoarea sa fluorescent\u0103 str\u0103lucitoare \u0219i benzile retroreflectorizante SOLAS.  Compatibil\u0103 cu toate vestele de salvare gonflabile EVAL \u0219i u\u0219or de utilizat.  &nbsp; AFL\u0102 MAI MULTE DETALII \u0218I INFO COMENZI LA +4 0727 896 565 E-MAIL: contact@divepro.ro","og_url":"https:\/\/divepro.ro\/en\/product\/sprayhood-universal\/","og_site_name":"Dive Pro","article_modified_time":"2026-03-20T09:10:17+00:00","og_image":[{"width":1229,"height":2048,"url":"https:\/\/divepro.ro\/wp-content\/uploads\/2026\/03\/04-04751_1.jpg","type":"image\/jpeg"}],"twitter_card":"summary_large_image","twitter_misc":{"Est. reading time":"1 minute"},"schema":{"@context":"https:\/\/schema.org","@graph":[{"@type":"WebPage","@id":"https:\/\/divepro.ro\/produs\/sprayhood-universal\/","url":"https:\/\/divepro.ro\/produs\/sprayhood-universal\/","name":"SPRAYHOOD UNIVERSAL - Dive Pro","isPartOf":{"@id":"https:\/\/divepro.ro\/#website"},"primaryImageOfPage":{"@id":"https:\/\/divepro.ro\/produs\/sprayhood-universal\/#primaryimage"},"image":{"@id":"https:\/\/divepro.ro\/produs\/sprayhood-universal\/#primaryimage"},"thumbnailUrl":"https:\/\/divepro.ro\/wp-content\/uploads\/2026\/03\/04-04751_1.jpg","datePublished":"2026-03-20T09:00:05+00:00","dateModified":"2026-03-20T09:10:17+00:00","breadcrumb":{"@id":"https:\/\/divepro.ro\/produs\/sprayhood-universal\/#breadcrumb"},"inLanguage":"en-US","potentialAction":[{"@type":"ReadAction","target":["https:\/\/divepro.ro\/produs\/sprayhood-universal\/"]}]},{"@type":"ImageObject","inLanguage":"en-US","@id":"https:\/\/divepro.ro\/produs\/sprayhood-universal\/#primaryimage","url":"https:\/\/divepro.ro\/wp-content\/uploads\/2026\/03\/04-04751_1.jpg","contentUrl":"https:\/\/divepro.ro\/wp-content\/uploads\/2026\/03\/04-04751_1.jpg","width":1229,"height":2048},{"@type":"BreadcrumbList","@id":"https:\/\/divepro.ro\/produs\/sprayhood-universal\/#breadcrumb","itemListElement":[{"@type":"ListItem","position":1,"name":"Prima pagin\u0103","item":"https:\/\/divepro.ro\/"},{"@type":"ListItem","position":2,"name":"Magazin","item":"https:\/\/divepro.ro\/magazin\/"},{"@type":"ListItem","position":3,"name":"SPRAYHOOD UNIVERSAL"}]},{"@type":"WebSite","@id":"https:\/\/divepro.ro\/#website","url":"https:\/\/divepro.ro\/","name":"Dive Pro - ECHIPAMENTE \u0218I SERVICII NAVALE, MARITIME \u0218I FLUVIALE","description":"Echipamente \u0219i servicii navale, maritime \u0219i fluviale","publisher":{"@id":"https:\/\/divepro.ro\/#organization"},"potentialAction":[{"@type":"SearchAction","target":{"@type":"EntryPoint","urlTemplate":"https:\/\/divepro.ro\/?s={search_term_string}"},"query-input":{"@type":"PropertyValueSpecification","valueRequired":true,"valueName":"search_term_string"}}],"inLanguage":"en-US"},{"@type":"Organization","@id":"https:\/\/divepro.ro\/#organization","name":"Dive Pro","url":"https:\/\/divepro.ro\/","logo":{"@type":"ImageObject","inLanguage":"en-US","@id":"https:\/\/divepro.ro\/#\/schema\/logo\/image\/","url":"https:\/\/divepro.ro\/wp-content\/uploads\/2026\/02\/ico-fav-dive-d2-fav-mic.png","contentUrl":"https:\/\/divepro.ro\/wp-content\/uploads\/2026\/02\/ico-fav-dive-d2-fav-mic.png","width":150,"height":150,"caption":"Dive Pro"},"image":{"@id":"https:\/\/divepro.ro\/#\/schema\/logo\/image\/"}}]}},"_links":{"self":[{"href":"https:\/\/divepro.ro\/en\/wp-json\/wp\/v2\/product\/10392","targetHints":{"allow":["GET"]}}],"collection":[{"href":"https:\/\/divepro.ro\/en\/wp-json\/wp\/v2\/product"}],"about":[{"href":"https:\/\/divepro.ro\/en\/wp-json\/wp\/v2\/types\/product"}],"wp:featuredmedia":[{"embeddable":true,"href":"https:\/\/divepro.ro\/en\/wp-json\/wp\/v2\/media\/10394"}],"wp:attachment":[{"href":"https:\/\/divepro.ro\/en\/wp-json\/wp\/v2\/media?parent=10392"}],"wp:term":[{"taxonomy":"product_brand","embeddable":true,"href":"https:\/\/divepro.ro\/en\/wp-json\/wp\/v2\/product_brand?post=10392"},{"taxonomy":"product_cat","embeddable":true,"href":"https:\/\/divepro.ro\/en\/wp-json\/wp\/v2\/product_cat?post=10392"},{"taxonomy":"product_tag","embeddable":true,"href":"https:\/\/divepro.ro\/en\/wp-json\/wp\/v2\/product_tag?post=10392"}],"curies":[{"name":"wp","href":"https:\/\/api.w.org\/{rel}","templated":true}]}}