{"id":10433,"date":"2026-03-20T17:23:39","date_gmt":"2026-03-20T15:23:39","guid":{"rendered":"https:\/\/divepro.ro\/?post_type=product&#038;p=10433"},"modified":"2026-03-20T17:24:37","modified_gmt":"2026-03-20T15:24:37","slug":"ajutoare-de-flutabilitate-pentru-sporturi-acvatice-hydra","status":"publish","type":"product","link":"https:\/\/divepro.ro\/en\/product\/ajutoare-de-flutabilitate-pentru-sporturi-acvatice-hydra\/","title":{"rendered":"WATER SPORTS BUOYANCY AIDS \"HYDRA\""},"content":{"rendered":"","protected":false},"excerpt":{"rendered":"<p>Potrivit pentru toate tipurile de naviga\u021bie, precum \u0219i pentru windsurfing \/ canotaj. Fabricat din \u021bes\u0103tur\u0103 de nailon durabil\u0103, cu curea \u0219i fermoar pentru o potrivire stabil\u0103 \u0219i u\u0219oar\u0103, \u0219i benzi reflectorizante aprobate SOLAS. Disponibil \u00een 4 dimensiuni \u00een culoarea neagr\u0103 cu imprimeu fa\u021b\u0103 \u0219i spate.<\/p>\n<p>&nbsp;<\/p>\n<p style=\"text-align: center;\"><a href=\"tel:+40727896565\"><strong>FIND OUT MORE DETAILS AND ORDER INFO AT +4 0727 896 565<\/strong><\/a><\/p>\n<p style=\"text-align: center;\"><strong><a href=\"mailto:contact@divepro.ro\">E-MAIL: contact@divepro.ro<\/a><\/strong><\/p>","protected":false},"featured_media":10434,"template":"","meta":[],"product_brand":[],"product_cat":[83,80],"product_tag":[],"class_list":{"0":"post-10433","1":"product","2":"type-product","3":"status-publish","4":"has-post-thumbnail","6":"product_cat-ajutoare-de-flotabilitate","7":"product_cat-echipament-de-siguranta","9":"first","10":"instock","11":"shipping-taxable","12":"product-type-simple"},"yoast_head":"<!-- This site is optimized with the Yoast SEO plugin v27.2 - https:\/\/yoast.com\/product\/yoast-seo-wordpress\/ -->\n<title>AJUTOARE DE FLUT\u0102BILITATE PENTRU SPORTURI ACVATICE \u201eHYDRA\u201d - Dive Pro<\/title>\n<meta name=\"robots\" content=\"index, follow, max-snippet:-1, max-image-preview:large, max-video-preview:-1\" \/>\n<link rel=\"canonical\" href=\"https:\/\/divepro.ro\/en\/product\/ajutoare-de-flutabilitate-pentru-sporturi-acvatice-hydra\/\" \/>\n<meta property=\"og:locale\" content=\"en_US\" \/>\n<meta property=\"og:type\" content=\"article\" \/>\n<meta property=\"og:title\" content=\"AJUTOARE DE FLUT\u0102BILITATE PENTRU SPORTURI ACVATICE \u201eHYDRA\u201d - Dive Pro\" \/>\n<meta property=\"og:description\" content=\"Potrivit pentru toate tipurile de naviga\u021bie, precum \u0219i pentru windsurfing \/ canotaj. Fabricat din \u021bes\u0103tur\u0103 de nailon durabil\u0103, cu curea \u0219i fermoar pentru o potrivire stabil\u0103 \u0219i u\u0219oar\u0103, \u0219i benzi reflectorizante aprobate SOLAS. Disponibil \u00een 4 dimensiuni \u00een culoarea neagr\u0103 cu imprimeu fa\u021b\u0103 \u0219i spate.  &nbsp; AFL\u0102 MAI MULTE DETALII \u0218I INFO COMENZI LA +4 0727 896 565 E-MAIL: contact@divepro.ro\" \/>\n<meta property=\"og:url\" content=\"https:\/\/divepro.ro\/en\/product\/ajutoare-de-flutabilitate-pentru-sporturi-acvatice-hydra\/\" \/>\n<meta property=\"og:site_name\" content=\"Dive Pro\" \/>\n<meta property=\"article:modified_time\" content=\"2026-03-20T15:24:37+00:00\" \/>\n<meta property=\"og:image\" content=\"https:\/\/divepro.ro\/wp-content\/uploads\/2026\/03\/18-00492-1_1.jpg\" \/>\n\t<meta property=\"og:image:width\" content=\"1365\" \/>\n\t<meta property=\"og:image:height\" content=\"2047\" \/>\n\t<meta property=\"og:image:type\" content=\"image\/jpeg\" \/>\n<meta name=\"twitter:card\" content=\"summary_large_image\" \/>\n<meta name=\"twitter:label1\" content=\"Est. reading time\" \/>\n\t<meta name=\"twitter:data1\" content=\"1 minute\" \/>\n<script type=\"application\/ld+json\" class=\"yoast-schema-graph\">{\"@context\":\"https:\/\/schema.org\",\"@graph\":[{\"@type\":\"WebPage\",\"@id\":\"https:\/\/divepro.ro\/produs\/ajutoare-de-flutabilitate-pentru-sporturi-acvatice-hydra\/\",\"url\":\"https:\/\/divepro.ro\/produs\/ajutoare-de-flutabilitate-pentru-sporturi-acvatice-hydra\/\",\"name\":\"AJUTOARE DE FLUT\u0102BILITATE PENTRU SPORTURI ACVATICE \u201eHYDRA\u201d - Dive Pro\",\"isPartOf\":{\"@id\":\"https:\/\/divepro.ro\/#website\"},\"primaryImageOfPage\":{\"@id\":\"https:\/\/divepro.ro\/produs\/ajutoare-de-flutabilitate-pentru-sporturi-acvatice-hydra\/#primaryimage\"},\"image\":{\"@id\":\"https:\/\/divepro.ro\/produs\/ajutoare-de-flutabilitate-pentru-sporturi-acvatice-hydra\/#primaryimage\"},\"thumbnailUrl\":\"https:\/\/divepro.ro\/wp-content\/uploads\/2026\/03\/18-00492-1_1.jpg\",\"datePublished\":\"2026-03-20T15:23:39+00:00\",\"dateModified\":\"2026-03-20T15:24:37+00:00\",\"breadcrumb\":{\"@id\":\"https:\/\/divepro.ro\/produs\/ajutoare-de-flutabilitate-pentru-sporturi-acvatice-hydra\/#breadcrumb\"},\"inLanguage\":\"en-US\",\"potentialAction\":[{\"@type\":\"ReadAction\",\"target\":[\"https:\/\/divepro.ro\/produs\/ajutoare-de-flutabilitate-pentru-sporturi-acvatice-hydra\/\"]}]},{\"@type\":\"ImageObject\",\"inLanguage\":\"en-US\",\"@id\":\"https:\/\/divepro.ro\/produs\/ajutoare-de-flutabilitate-pentru-sporturi-acvatice-hydra\/#primaryimage\",\"url\":\"https:\/\/divepro.ro\/wp-content\/uploads\/2026\/03\/18-00492-1_1.jpg\",\"contentUrl\":\"https:\/\/divepro.ro\/wp-content\/uploads\/2026\/03\/18-00492-1_1.jpg\",\"width\":1365,\"height\":2047},{\"@type\":\"BreadcrumbList\",\"@id\":\"https:\/\/divepro.ro\/produs\/ajutoare-de-flutabilitate-pentru-sporturi-acvatice-hydra\/#breadcrumb\",\"itemListElement\":[{\"@type\":\"ListItem\",\"position\":1,\"name\":\"Prima pagin\u0103\",\"item\":\"https:\/\/divepro.ro\/\"},{\"@type\":\"ListItem\",\"position\":2,\"name\":\"Magazin\",\"item\":\"https:\/\/divepro.ro\/magazin\/\"},{\"@type\":\"ListItem\",\"position\":3,\"name\":\"AJUTOARE DE FLUT\u0102BILITATE PENTRU SPORTURI ACVATICE \u201eHYDRA\u201d\"}]},{\"@type\":\"WebSite\",\"@id\":\"https:\/\/divepro.ro\/#website\",\"url\":\"https:\/\/divepro.ro\/\",\"name\":\"Dive Pro - ECHIPAMENTE \u0218I SERVICII NAVALE, MARITIME \u0218I FLUVIALE\",\"description\":\"Echipamente \u0219i servicii navale, maritime \u0219i fluviale\",\"publisher\":{\"@id\":\"https:\/\/divepro.ro\/#organization\"},\"potentialAction\":[{\"@type\":\"SearchAction\",\"target\":{\"@type\":\"EntryPoint\",\"urlTemplate\":\"https:\/\/divepro.ro\/?s={search_term_string}\"},\"query-input\":{\"@type\":\"PropertyValueSpecification\",\"valueRequired\":true,\"valueName\":\"search_term_string\"}}],\"inLanguage\":\"en-US\"},{\"@type\":\"Organization\",\"@id\":\"https:\/\/divepro.ro\/#organization\",\"name\":\"Dive Pro\",\"url\":\"https:\/\/divepro.ro\/\",\"logo\":{\"@type\":\"ImageObject\",\"inLanguage\":\"en-US\",\"@id\":\"https:\/\/divepro.ro\/#\/schema\/logo\/image\/\",\"url\":\"https:\/\/divepro.ro\/wp-content\/uploads\/2026\/02\/ico-fav-dive-d2-fav-mic.png\",\"contentUrl\":\"https:\/\/divepro.ro\/wp-content\/uploads\/2026\/02\/ico-fav-dive-d2-fav-mic.png\",\"width\":150,\"height\":150,\"caption\":\"Dive Pro\"},\"image\":{\"@id\":\"https:\/\/divepro.ro\/#\/schema\/logo\/image\/\"}}]}<\/script>\n<!-- \/ Yoast SEO plugin. -->","yoast_head_json":{"title":"AJUTOARE DE FLUT\u0102BILITATE PENTRU SPORTURI ACVATICE \u201eHYDRA\u201d - Dive Pro","robots":{"index":"index","follow":"follow","max-snippet":"max-snippet:-1","max-image-preview":"max-image-preview:large","max-video-preview":"max-video-preview:-1"},"canonical":"https:\/\/divepro.ro\/en\/product\/ajutoare-de-flutabilitate-pentru-sporturi-acvatice-hydra\/","og_locale":"en_US","og_type":"article","og_title":"AJUTOARE DE FLUT\u0102BILITATE PENTRU SPORTURI ACVATICE \u201eHYDRA\u201d - Dive Pro","og_description":"Potrivit pentru toate tipurile de naviga\u021bie, precum \u0219i pentru windsurfing \/ canotaj. Fabricat din \u021bes\u0103tur\u0103 de nailon durabil\u0103, cu curea \u0219i fermoar pentru o potrivire stabil\u0103 \u0219i u\u0219oar\u0103, \u0219i benzi reflectorizante aprobate SOLAS. Disponibil \u00een 4 dimensiuni \u00een culoarea neagr\u0103 cu imprimeu fa\u021b\u0103 \u0219i spate.  &nbsp; AFL\u0102 MAI MULTE DETALII \u0218I INFO COMENZI LA +4 0727 896 565 E-MAIL: contact@divepro.ro","og_url":"https:\/\/divepro.ro\/en\/product\/ajutoare-de-flutabilitate-pentru-sporturi-acvatice-hydra\/","og_site_name":"Dive Pro","article_modified_time":"2026-03-20T15:24:37+00:00","og_image":[{"width":1365,"height":2047,"url":"https:\/\/divepro.ro\/wp-content\/uploads\/2026\/03\/18-00492-1_1.jpg","type":"image\/jpeg"}],"twitter_card":"summary_large_image","twitter_misc":{"Est. reading time":"1 minute"},"schema":{"@context":"https:\/\/schema.org","@graph":[{"@type":"WebPage","@id":"https:\/\/divepro.ro\/produs\/ajutoare-de-flutabilitate-pentru-sporturi-acvatice-hydra\/","url":"https:\/\/divepro.ro\/produs\/ajutoare-de-flutabilitate-pentru-sporturi-acvatice-hydra\/","name":"AJUTOARE DE FLUT\u0102BILITATE PENTRU SPORTURI ACVATICE \u201eHYDRA\u201d - Dive Pro","isPartOf":{"@id":"https:\/\/divepro.ro\/#website"},"primaryImageOfPage":{"@id":"https:\/\/divepro.ro\/produs\/ajutoare-de-flutabilitate-pentru-sporturi-acvatice-hydra\/#primaryimage"},"image":{"@id":"https:\/\/divepro.ro\/produs\/ajutoare-de-flutabilitate-pentru-sporturi-acvatice-hydra\/#primaryimage"},"thumbnailUrl":"https:\/\/divepro.ro\/wp-content\/uploads\/2026\/03\/18-00492-1_1.jpg","datePublished":"2026-03-20T15:23:39+00:00","dateModified":"2026-03-20T15:24:37+00:00","breadcrumb":{"@id":"https:\/\/divepro.ro\/produs\/ajutoare-de-flutabilitate-pentru-sporturi-acvatice-hydra\/#breadcrumb"},"inLanguage":"en-US","potentialAction":[{"@type":"ReadAction","target":["https:\/\/divepro.ro\/produs\/ajutoare-de-flutabilitate-pentru-sporturi-acvatice-hydra\/"]}]},{"@type":"ImageObject","inLanguage":"en-US","@id":"https:\/\/divepro.ro\/produs\/ajutoare-de-flutabilitate-pentru-sporturi-acvatice-hydra\/#primaryimage","url":"https:\/\/divepro.ro\/wp-content\/uploads\/2026\/03\/18-00492-1_1.jpg","contentUrl":"https:\/\/divepro.ro\/wp-content\/uploads\/2026\/03\/18-00492-1_1.jpg","width":1365,"height":2047},{"@type":"BreadcrumbList","@id":"https:\/\/divepro.ro\/produs\/ajutoare-de-flutabilitate-pentru-sporturi-acvatice-hydra\/#breadcrumb","itemListElement":[{"@type":"ListItem","position":1,"name":"Prima pagin\u0103","item":"https:\/\/divepro.ro\/"},{"@type":"ListItem","position":2,"name":"Magazin","item":"https:\/\/divepro.ro\/magazin\/"},{"@type":"ListItem","position":3,"name":"AJUTOARE DE FLUT\u0102BILITATE PENTRU SPORTURI ACVATICE \u201eHYDRA\u201d"}]},{"@type":"WebSite","@id":"https:\/\/divepro.ro\/#website","url":"https:\/\/divepro.ro\/","name":"Dive Pro - ECHIPAMENTE \u0218I SERVICII NAVALE, MARITIME \u0218I FLUVIALE","description":"Echipamente \u0219i servicii navale, maritime \u0219i fluviale","publisher":{"@id":"https:\/\/divepro.ro\/#organization"},"potentialAction":[{"@type":"SearchAction","target":{"@type":"EntryPoint","urlTemplate":"https:\/\/divepro.ro\/?s={search_term_string}"},"query-input":{"@type":"PropertyValueSpecification","valueRequired":true,"valueName":"search_term_string"}}],"inLanguage":"en-US"},{"@type":"Organization","@id":"https:\/\/divepro.ro\/#organization","name":"Dive Pro","url":"https:\/\/divepro.ro\/","logo":{"@type":"ImageObject","inLanguage":"en-US","@id":"https:\/\/divepro.ro\/#\/schema\/logo\/image\/","url":"https:\/\/divepro.ro\/wp-content\/uploads\/2026\/02\/ico-fav-dive-d2-fav-mic.png","contentUrl":"https:\/\/divepro.ro\/wp-content\/uploads\/2026\/02\/ico-fav-dive-d2-fav-mic.png","width":150,"height":150,"caption":"Dive Pro"},"image":{"@id":"https:\/\/divepro.ro\/#\/schema\/logo\/image\/"}}]}},"_links":{"self":[{"href":"https:\/\/divepro.ro\/en\/wp-json\/wp\/v2\/product\/10433","targetHints":{"allow":["GET"]}}],"collection":[{"href":"https:\/\/divepro.ro\/en\/wp-json\/wp\/v2\/product"}],"about":[{"href":"https:\/\/divepro.ro\/en\/wp-json\/wp\/v2\/types\/product"}],"wp:featuredmedia":[{"embeddable":true,"href":"https:\/\/divepro.ro\/en\/wp-json\/wp\/v2\/media\/10434"}],"wp:attachment":[{"href":"https:\/\/divepro.ro\/en\/wp-json\/wp\/v2\/media?parent=10433"}],"wp:term":[{"taxonomy":"product_brand","embeddable":true,"href":"https:\/\/divepro.ro\/en\/wp-json\/wp\/v2\/product_brand?post=10433"},{"taxonomy":"product_cat","embeddable":true,"href":"https:\/\/divepro.ro\/en\/wp-json\/wp\/v2\/product_cat?post=10433"},{"taxonomy":"product_tag","embeddable":true,"href":"https:\/\/divepro.ro\/en\/wp-json\/wp\/v2\/product_tag?post=10433"}],"curies":[{"name":"wp","href":"https:\/\/api.w.org\/{rel}","templated":true}]}}