{"id":10450,"date":"2026-03-20T17:58:06","date_gmt":"2026-03-20T15:58:06","guid":{"rendered":"https:\/\/divepro.ro\/?post_type=product&#038;p=10450"},"modified":"2026-03-20T17:59:25","modified_gmt":"2026-03-20T15:59:25","slug":"lumina-subacvatica-cu-dubla-coloare","status":"publish","type":"product","link":"https:\/\/divepro.ro\/en\/product\/lumina-subacvatica-cu-dubla-coloare\/","title":{"rendered":"DUAL COLOR UNDERWATER LIGHT"},"content":{"rendered":"","protected":false},"excerpt":{"rendered":"<p>Lamp\u0103 LED subacvatic\u0103 fabricat\u0103 din o\u021bel inoxidabil S.S.316L turnat \u00een stil marin de \u00eenalt\u0103 calitate. Are un sistem de protec\u021bie la vibra\u021bii \u0219i un driver \u00eencorporat. Are profil redus \u0219i protec\u021bie la supra\u00eenc\u0103lzire. Poate fi montat\u0103 \u00een afara apei. Pentru o utilizare corect\u0103, trebuie conectat\u0103 la un \u00eentrerup\u0103tor de tip ON\/OFF\/ON. Nivel de impermeabilitate \u0399\u03a168. Certific\u0103ri: CE \u0219i RoHS.<\/p>\n<p>&nbsp;<\/p>\n<p style=\"text-align: center;\"><a href=\"tel:+40727896565\"><strong>FIND OUT MORE DETAILS AND ORDER INFO AT +4 0727 896 565<\/strong><\/a><\/p>\n<p style=\"text-align: center;\"><strong><a href=\"mailto:contact@divepro.ro\">E-MAIL: contact@divepro.ro<\/a><\/strong><\/p>","protected":false},"featured_media":10447,"template":"","meta":[],"product_brand":[],"product_cat":[84,86],"product_tag":[],"class_list":{"0":"post-10450","1":"product","2":"type-product","3":"status-publish","4":"has-post-thumbnail","6":"product_cat-echipament-electric","7":"product_cat-lumini-subacvatice","9":"first","10":"instock","11":"shipping-taxable","12":"product-type-simple"},"yoast_head":"<!-- This site is optimized with the Yoast SEO plugin v27.2 - https:\/\/yoast.com\/product\/yoast-seo-wordpress\/ -->\n<title>LUMIN\u0102 SUBACVATIC\u0102 CU DUBL\u0102 COLOARE - Dive Pro<\/title>\n<meta name=\"robots\" content=\"index, follow, max-snippet:-1, max-image-preview:large, max-video-preview:-1\" \/>\n<link rel=\"canonical\" href=\"https:\/\/divepro.ro\/en\/product\/lumina-subacvatica-cu-dubla-coloare\/\" \/>\n<meta property=\"og:locale\" content=\"en_US\" \/>\n<meta property=\"og:type\" content=\"article\" \/>\n<meta property=\"og:title\" content=\"LUMIN\u0102 SUBACVATIC\u0102 CU DUBL\u0102 COLOARE - Dive Pro\" \/>\n<meta property=\"og:description\" content=\"Lamp\u0103 LED subacvatic\u0103 fabricat\u0103 din o\u021bel inoxidabil S.S.316L turnat \u00een stil marin de \u00eenalt\u0103 calitate. Are un sistem de protec\u021bie la vibra\u021bii \u0219i un driver \u00eencorporat. Are profil redus \u0219i protec\u021bie la supra\u00eenc\u0103lzire. Poate fi montat\u0103 \u00een afara apei. Pentru o utilizare corect\u0103, trebuie conectat\u0103 la un \u00eentrerup\u0103tor de tip ON\/OFF\/ON. Nivel de impermeabilitate \u0399\u03a168. Certific\u0103ri: CE \u0219i RoHS.  &nbsp; AFL\u0102 MAI MULTE DETALII \u0218I INFO COMENZI LA +4 0727 896 565 E-MAIL: contact@divepro.ro\" \/>\n<meta property=\"og:url\" content=\"https:\/\/divepro.ro\/en\/product\/lumina-subacvatica-cu-dubla-coloare\/\" \/>\n<meta property=\"og:site_name\" content=\"Dive Pro\" \/>\n<meta property=\"article:modified_time\" content=\"2026-03-20T15:59:25+00:00\" \/>\n<meta property=\"og:image\" content=\"https:\/\/divepro.ro\/wp-content\/uploads\/2026\/03\/08-03887_1.jpg\" \/>\n\t<meta property=\"og:image:width\" content=\"800\" \/>\n\t<meta property=\"og:image:height\" content=\"800\" \/>\n\t<meta property=\"og:image:type\" content=\"image\/jpeg\" \/>\n<meta name=\"twitter:card\" content=\"summary_large_image\" \/>\n<meta name=\"twitter:label1\" content=\"Est. reading time\" \/>\n\t<meta name=\"twitter:data1\" content=\"1 minute\" \/>\n<script type=\"application\/ld+json\" class=\"yoast-schema-graph\">{\"@context\":\"https:\/\/schema.org\",\"@graph\":[{\"@type\":\"WebPage\",\"@id\":\"https:\/\/divepro.ro\/produs\/lumina-subacvatica-cu-dubla-coloare\/\",\"url\":\"https:\/\/divepro.ro\/produs\/lumina-subacvatica-cu-dubla-coloare\/\",\"name\":\"LUMIN\u0102 SUBACVATIC\u0102 CU DUBL\u0102 COLOARE - Dive Pro\",\"isPartOf\":{\"@id\":\"https:\/\/divepro.ro\/#website\"},\"primaryImageOfPage\":{\"@id\":\"https:\/\/divepro.ro\/produs\/lumina-subacvatica-cu-dubla-coloare\/#primaryimage\"},\"image\":{\"@id\":\"https:\/\/divepro.ro\/produs\/lumina-subacvatica-cu-dubla-coloare\/#primaryimage\"},\"thumbnailUrl\":\"https:\/\/divepro.ro\/wp-content\/uploads\/2026\/03\/08-03887_1.jpg\",\"datePublished\":\"2026-03-20T15:58:06+00:00\",\"dateModified\":\"2026-03-20T15:59:25+00:00\",\"breadcrumb\":{\"@id\":\"https:\/\/divepro.ro\/produs\/lumina-subacvatica-cu-dubla-coloare\/#breadcrumb\"},\"inLanguage\":\"en-US\",\"potentialAction\":[{\"@type\":\"ReadAction\",\"target\":[\"https:\/\/divepro.ro\/produs\/lumina-subacvatica-cu-dubla-coloare\/\"]}]},{\"@type\":\"ImageObject\",\"inLanguage\":\"en-US\",\"@id\":\"https:\/\/divepro.ro\/produs\/lumina-subacvatica-cu-dubla-coloare\/#primaryimage\",\"url\":\"https:\/\/divepro.ro\/wp-content\/uploads\/2026\/03\/08-03887_1.jpg\",\"contentUrl\":\"https:\/\/divepro.ro\/wp-content\/uploads\/2026\/03\/08-03887_1.jpg\",\"width\":800,\"height\":800},{\"@type\":\"BreadcrumbList\",\"@id\":\"https:\/\/divepro.ro\/produs\/lumina-subacvatica-cu-dubla-coloare\/#breadcrumb\",\"itemListElement\":[{\"@type\":\"ListItem\",\"position\":1,\"name\":\"Prima pagin\u0103\",\"item\":\"https:\/\/divepro.ro\/\"},{\"@type\":\"ListItem\",\"position\":2,\"name\":\"Magazin\",\"item\":\"https:\/\/divepro.ro\/magazin\/\"},{\"@type\":\"ListItem\",\"position\":3,\"name\":\"LUMIN\u0102 SUBACVATIC\u0102 CU DUBL\u0102 COLOARE\"}]},{\"@type\":\"WebSite\",\"@id\":\"https:\/\/divepro.ro\/#website\",\"url\":\"https:\/\/divepro.ro\/\",\"name\":\"Dive Pro - ECHIPAMENTE \u0218I SERVICII NAVALE, MARITIME \u0218I FLUVIALE\",\"description\":\"Echipamente \u0219i servicii navale, maritime \u0219i fluviale\",\"publisher\":{\"@id\":\"https:\/\/divepro.ro\/#organization\"},\"potentialAction\":[{\"@type\":\"SearchAction\",\"target\":{\"@type\":\"EntryPoint\",\"urlTemplate\":\"https:\/\/divepro.ro\/?s={search_term_string}\"},\"query-input\":{\"@type\":\"PropertyValueSpecification\",\"valueRequired\":true,\"valueName\":\"search_term_string\"}}],\"inLanguage\":\"en-US\"},{\"@type\":\"Organization\",\"@id\":\"https:\/\/divepro.ro\/#organization\",\"name\":\"Dive Pro\",\"url\":\"https:\/\/divepro.ro\/\",\"logo\":{\"@type\":\"ImageObject\",\"inLanguage\":\"en-US\",\"@id\":\"https:\/\/divepro.ro\/#\/schema\/logo\/image\/\",\"url\":\"https:\/\/divepro.ro\/wp-content\/uploads\/2026\/02\/ico-fav-dive-d2-fav-mic.png\",\"contentUrl\":\"https:\/\/divepro.ro\/wp-content\/uploads\/2026\/02\/ico-fav-dive-d2-fav-mic.png\",\"width\":150,\"height\":150,\"caption\":\"Dive Pro\"},\"image\":{\"@id\":\"https:\/\/divepro.ro\/#\/schema\/logo\/image\/\"}}]}<\/script>\n<!-- \/ Yoast SEO plugin. -->","yoast_head_json":{"title":"LUMIN\u0102 SUBACVATIC\u0102 CU DUBL\u0102 COLOARE - Dive Pro","robots":{"index":"index","follow":"follow","max-snippet":"max-snippet:-1","max-image-preview":"max-image-preview:large","max-video-preview":"max-video-preview:-1"},"canonical":"https:\/\/divepro.ro\/en\/product\/lumina-subacvatica-cu-dubla-coloare\/","og_locale":"en_US","og_type":"article","og_title":"LUMIN\u0102 SUBACVATIC\u0102 CU DUBL\u0102 COLOARE - Dive Pro","og_description":"Lamp\u0103 LED subacvatic\u0103 fabricat\u0103 din o\u021bel inoxidabil S.S.316L turnat \u00een stil marin de \u00eenalt\u0103 calitate. Are un sistem de protec\u021bie la vibra\u021bii \u0219i un driver \u00eencorporat. Are profil redus \u0219i protec\u021bie la supra\u00eenc\u0103lzire. Poate fi montat\u0103 \u00een afara apei. Pentru o utilizare corect\u0103, trebuie conectat\u0103 la un \u00eentrerup\u0103tor de tip ON\/OFF\/ON. Nivel de impermeabilitate \u0399\u03a168. Certific\u0103ri: CE \u0219i RoHS.  &nbsp; AFL\u0102 MAI MULTE DETALII \u0218I INFO COMENZI LA +4 0727 896 565 E-MAIL: contact@divepro.ro","og_url":"https:\/\/divepro.ro\/en\/product\/lumina-subacvatica-cu-dubla-coloare\/","og_site_name":"Dive Pro","article_modified_time":"2026-03-20T15:59:25+00:00","og_image":[{"width":800,"height":800,"url":"https:\/\/divepro.ro\/wp-content\/uploads\/2026\/03\/08-03887_1.jpg","type":"image\/jpeg"}],"twitter_card":"summary_large_image","twitter_misc":{"Est. reading time":"1 minute"},"schema":{"@context":"https:\/\/schema.org","@graph":[{"@type":"WebPage","@id":"https:\/\/divepro.ro\/produs\/lumina-subacvatica-cu-dubla-coloare\/","url":"https:\/\/divepro.ro\/produs\/lumina-subacvatica-cu-dubla-coloare\/","name":"LUMIN\u0102 SUBACVATIC\u0102 CU DUBL\u0102 COLOARE - Dive Pro","isPartOf":{"@id":"https:\/\/divepro.ro\/#website"},"primaryImageOfPage":{"@id":"https:\/\/divepro.ro\/produs\/lumina-subacvatica-cu-dubla-coloare\/#primaryimage"},"image":{"@id":"https:\/\/divepro.ro\/produs\/lumina-subacvatica-cu-dubla-coloare\/#primaryimage"},"thumbnailUrl":"https:\/\/divepro.ro\/wp-content\/uploads\/2026\/03\/08-03887_1.jpg","datePublished":"2026-03-20T15:58:06+00:00","dateModified":"2026-03-20T15:59:25+00:00","breadcrumb":{"@id":"https:\/\/divepro.ro\/produs\/lumina-subacvatica-cu-dubla-coloare\/#breadcrumb"},"inLanguage":"en-US","potentialAction":[{"@type":"ReadAction","target":["https:\/\/divepro.ro\/produs\/lumina-subacvatica-cu-dubla-coloare\/"]}]},{"@type":"ImageObject","inLanguage":"en-US","@id":"https:\/\/divepro.ro\/produs\/lumina-subacvatica-cu-dubla-coloare\/#primaryimage","url":"https:\/\/divepro.ro\/wp-content\/uploads\/2026\/03\/08-03887_1.jpg","contentUrl":"https:\/\/divepro.ro\/wp-content\/uploads\/2026\/03\/08-03887_1.jpg","width":800,"height":800},{"@type":"BreadcrumbList","@id":"https:\/\/divepro.ro\/produs\/lumina-subacvatica-cu-dubla-coloare\/#breadcrumb","itemListElement":[{"@type":"ListItem","position":1,"name":"Prima pagin\u0103","item":"https:\/\/divepro.ro\/"},{"@type":"ListItem","position":2,"name":"Magazin","item":"https:\/\/divepro.ro\/magazin\/"},{"@type":"ListItem","position":3,"name":"LUMIN\u0102 SUBACVATIC\u0102 CU DUBL\u0102 COLOARE"}]},{"@type":"WebSite","@id":"https:\/\/divepro.ro\/#website","url":"https:\/\/divepro.ro\/","name":"Dive Pro - ECHIPAMENTE \u0218I SERVICII NAVALE, MARITIME \u0218I FLUVIALE","description":"Echipamente \u0219i servicii navale, maritime \u0219i fluviale","publisher":{"@id":"https:\/\/divepro.ro\/#organization"},"potentialAction":[{"@type":"SearchAction","target":{"@type":"EntryPoint","urlTemplate":"https:\/\/divepro.ro\/?s={search_term_string}"},"query-input":{"@type":"PropertyValueSpecification","valueRequired":true,"valueName":"search_term_string"}}],"inLanguage":"en-US"},{"@type":"Organization","@id":"https:\/\/divepro.ro\/#organization","name":"Dive Pro","url":"https:\/\/divepro.ro\/","logo":{"@type":"ImageObject","inLanguage":"en-US","@id":"https:\/\/divepro.ro\/#\/schema\/logo\/image\/","url":"https:\/\/divepro.ro\/wp-content\/uploads\/2026\/02\/ico-fav-dive-d2-fav-mic.png","contentUrl":"https:\/\/divepro.ro\/wp-content\/uploads\/2026\/02\/ico-fav-dive-d2-fav-mic.png","width":150,"height":150,"caption":"Dive Pro"},"image":{"@id":"https:\/\/divepro.ro\/#\/schema\/logo\/image\/"}}]}},"_links":{"self":[{"href":"https:\/\/divepro.ro\/en\/wp-json\/wp\/v2\/product\/10450","targetHints":{"allow":["GET"]}}],"collection":[{"href":"https:\/\/divepro.ro\/en\/wp-json\/wp\/v2\/product"}],"about":[{"href":"https:\/\/divepro.ro\/en\/wp-json\/wp\/v2\/types\/product"}],"wp:featuredmedia":[{"embeddable":true,"href":"https:\/\/divepro.ro\/en\/wp-json\/wp\/v2\/media\/10447"}],"wp:attachment":[{"href":"https:\/\/divepro.ro\/en\/wp-json\/wp\/v2\/media?parent=10450"}],"wp:term":[{"taxonomy":"product_brand","embeddable":true,"href":"https:\/\/divepro.ro\/en\/wp-json\/wp\/v2\/product_brand?post=10450"},{"taxonomy":"product_cat","embeddable":true,"href":"https:\/\/divepro.ro\/en\/wp-json\/wp\/v2\/product_cat?post=10450"},{"taxonomy":"product_tag","embeddable":true,"href":"https:\/\/divepro.ro\/en\/wp-json\/wp\/v2\/product_tag?post=10450"}],"curies":[{"name":"wp","href":"https:\/\/api.w.org\/{rel}","templated":true}]}}