{"id":9795,"date":"2026-02-16T12:50:11","date_gmt":"2026-02-16T10:50:11","guid":{"rendered":"https:\/\/divepro.ro\/?post_type=product&#038;p=9795"},"modified":"2026-03-18T15:12:41","modified_gmt":"2026-03-18T13:12:41","slug":"__trashed","status":"publish","type":"product","link":"https:\/\/divepro.ro\/en\/product\/__trashed\/","title":{"rendered":"FLC1200 Isolated danger marine buoy"},"content":{"rendered":"","protected":false},"excerpt":{"rendered":"<p>Cel mai bun aliat al dumneavoastr\u0103 pentru marcajele de pericole izolate, geamandura FLC1200 are performan\u021be optimizate datorit\u0103 volumului s\u0103u redus \u0219i beneficiaz\u0103 de cele mai noi tehnologii FullOceans: carcas\u0103 din polietilen\u0103, spum\u0103, 2 puncte de ridicare \u0219i 1 ochi de ancorare din o\u021bel galvanizat, m\u00e2nere de ridicare, balasturi din font\u0103, catarg deta\u0219abil, marcaj superior cu perie.<\/p>\n<p>Echipament op\u021bional: reflector radar \u0219i felinare.<\/p>\n<p>&nbsp;<\/p>\n<p style=\"text-align: center;\"><a href=\"tel:+40727896565\"><strong>FIND OUT MORE DETAILS AND ORDER INFO AT +4 0727 896 565<\/strong><\/a><\/p>\n<p style=\"text-align: center;\"><strong><a href=\"mailto:contact@divepro.ro\">E-MAIL: contact@divepro.ro<\/a><\/strong><\/p>","protected":false},"featured_media":9851,"template":"","meta":[],"product_brand":[],"product_cat":[79],"product_tag":[],"class_list":{"0":"post-9795","1":"product","2":"type-product","3":"status-publish","4":"has-post-thumbnail","6":"product_cat-balize-navigatie","8":"first","9":"instock","10":"shipping-taxable","11":"product-type-simple"},"yoast_head":"<!-- This site is optimized with the Yoast SEO plugin v27.2 - https:\/\/yoast.com\/product\/yoast-seo-wordpress\/ -->\n<title>FLC1200 Geamand\u0103 marin\u0103 cu pericol izolat - Dive Pro<\/title>\n<meta name=\"robots\" content=\"index, follow, max-snippet:-1, max-image-preview:large, max-video-preview:-1\" \/>\n<link rel=\"canonical\" href=\"https:\/\/divepro.ro\/en\/product\/__trashed\/\" \/>\n<meta property=\"og:locale\" content=\"en_US\" \/>\n<meta property=\"og:type\" content=\"article\" \/>\n<meta property=\"og:title\" content=\"FLC1200 Geamand\u0103 marin\u0103 cu pericol izolat - Dive Pro\" \/>\n<meta property=\"og:description\" content=\"Cel mai bun aliat al dumneavoastr\u0103 pentru marcajele de pericole izolate, geamandura FLC1200 are performan\u021be optimizate datorit\u0103 volumului s\u0103u redus \u0219i beneficiaz\u0103 de cele mai noi tehnologii FullOceans: carcas\u0103 din polietilen\u0103, spum\u0103, 2 puncte de ridicare \u0219i 1 ochi de ancorare din o\u021bel galvanizat, m\u00e2nere de ridicare, balasturi din font\u0103, catarg deta\u0219abil, marcaj superior cu perie.  Echipament op\u021bional: reflector radar \u0219i felinare.  &nbsp; AFL\u0102 MAI MULTE DETALII \u0218I INFO COMENZI LA +4 0727 896 565 E-MAIL: contact@divepro.ro\" \/>\n<meta property=\"og:url\" content=\"https:\/\/divepro.ro\/en\/product\/__trashed\/\" \/>\n<meta property=\"og:site_name\" content=\"Dive Pro\" \/>\n<meta property=\"article:modified_time\" content=\"2026-03-18T13:12:41+00:00\" \/>\n<meta property=\"og:image\" content=\"https:\/\/divepro.ro\/wp-content\/uploads\/2026\/02\/flc1200-isolated-danger-marine-buoy.jpg\" \/>\n\t<meta property=\"og:image:width\" content=\"800\" \/>\n\t<meta property=\"og:image:height\" content=\"800\" \/>\n\t<meta property=\"og:image:type\" content=\"image\/jpeg\" \/>\n<meta name=\"twitter:card\" content=\"summary_large_image\" \/>\n<meta name=\"twitter:label1\" content=\"Est. reading time\" \/>\n\t<meta name=\"twitter:data1\" content=\"1 minute\" \/>\n<script type=\"application\/ld+json\" class=\"yoast-schema-graph\">{\"@context\":\"https:\/\/schema.org\",\"@graph\":[{\"@type\":\"WebPage\",\"@id\":\"https:\/\/divepro.ro\/produs\/__trashed\/\",\"url\":\"https:\/\/divepro.ro\/produs\/__trashed\/\",\"name\":\"FLC1200 Geamand\u0103 marin\u0103 cu pericol izolat - Dive Pro\",\"isPartOf\":{\"@id\":\"https:\/\/divepro.ro\/#website\"},\"primaryImageOfPage\":{\"@id\":\"https:\/\/divepro.ro\/produs\/__trashed\/#primaryimage\"},\"image\":{\"@id\":\"https:\/\/divepro.ro\/produs\/__trashed\/#primaryimage\"},\"thumbnailUrl\":\"https:\/\/divepro.ro\/wp-content\/uploads\/2026\/02\/flc1200-isolated-danger-marine-buoy.jpg\",\"datePublished\":\"2026-02-16T10:50:11+00:00\",\"dateModified\":\"2026-03-18T13:12:41+00:00\",\"breadcrumb\":{\"@id\":\"https:\/\/divepro.ro\/produs\/__trashed\/#breadcrumb\"},\"inLanguage\":\"en-US\",\"potentialAction\":[{\"@type\":\"ReadAction\",\"target\":[\"https:\/\/divepro.ro\/produs\/__trashed\/\"]}]},{\"@type\":\"ImageObject\",\"inLanguage\":\"en-US\",\"@id\":\"https:\/\/divepro.ro\/produs\/__trashed\/#primaryimage\",\"url\":\"https:\/\/divepro.ro\/wp-content\/uploads\/2026\/02\/flc1200-isolated-danger-marine-buoy.jpg\",\"contentUrl\":\"https:\/\/divepro.ro\/wp-content\/uploads\/2026\/02\/flc1200-isolated-danger-marine-buoy.jpg\",\"width\":800,\"height\":800},{\"@type\":\"BreadcrumbList\",\"@id\":\"https:\/\/divepro.ro\/produs\/__trashed\/#breadcrumb\",\"itemListElement\":[{\"@type\":\"ListItem\",\"position\":1,\"name\":\"Prima pagin\u0103\",\"item\":\"https:\/\/divepro.ro\/\"},{\"@type\":\"ListItem\",\"position\":2,\"name\":\"Magazin\",\"item\":\"https:\/\/divepro.ro\/magazin\/\"},{\"@type\":\"ListItem\",\"position\":3,\"name\":\"FLC1200 Geamand\u0103 marin\u0103 cu pericol izolat\"}]},{\"@type\":\"WebSite\",\"@id\":\"https:\/\/divepro.ro\/#website\",\"url\":\"https:\/\/divepro.ro\/\",\"name\":\"Dive Pro - ECHIPAMENTE \u0218I SERVICII NAVALE, MARITIME \u0218I FLUVIALE\",\"description\":\"Echipamente \u0219i servicii navale, maritime \u0219i fluviale\",\"publisher\":{\"@id\":\"https:\/\/divepro.ro\/#organization\"},\"potentialAction\":[{\"@type\":\"SearchAction\",\"target\":{\"@type\":\"EntryPoint\",\"urlTemplate\":\"https:\/\/divepro.ro\/?s={search_term_string}\"},\"query-input\":{\"@type\":\"PropertyValueSpecification\",\"valueRequired\":true,\"valueName\":\"search_term_string\"}}],\"inLanguage\":\"en-US\"},{\"@type\":\"Organization\",\"@id\":\"https:\/\/divepro.ro\/#organization\",\"name\":\"Dive Pro\",\"url\":\"https:\/\/divepro.ro\/\",\"logo\":{\"@type\":\"ImageObject\",\"inLanguage\":\"en-US\",\"@id\":\"https:\/\/divepro.ro\/#\/schema\/logo\/image\/\",\"url\":\"https:\/\/divepro.ro\/wp-content\/uploads\/2026\/02\/ico-fav-dive-d2-fav-mic.png\",\"contentUrl\":\"https:\/\/divepro.ro\/wp-content\/uploads\/2026\/02\/ico-fav-dive-d2-fav-mic.png\",\"width\":150,\"height\":150,\"caption\":\"Dive Pro\"},\"image\":{\"@id\":\"https:\/\/divepro.ro\/#\/schema\/logo\/image\/\"}}]}<\/script>\n<!-- \/ Yoast SEO plugin. -->","yoast_head_json":{"title":"FLC1200 Geamand\u0103 marin\u0103 cu pericol izolat - Dive Pro","robots":{"index":"index","follow":"follow","max-snippet":"max-snippet:-1","max-image-preview":"max-image-preview:large","max-video-preview":"max-video-preview:-1"},"canonical":"https:\/\/divepro.ro\/en\/product\/__trashed\/","og_locale":"en_US","og_type":"article","og_title":"FLC1200 Geamand\u0103 marin\u0103 cu pericol izolat - Dive Pro","og_description":"Cel mai bun aliat al dumneavoastr\u0103 pentru marcajele de pericole izolate, geamandura FLC1200 are performan\u021be optimizate datorit\u0103 volumului s\u0103u redus \u0219i beneficiaz\u0103 de cele mai noi tehnologii FullOceans: carcas\u0103 din polietilen\u0103, spum\u0103, 2 puncte de ridicare \u0219i 1 ochi de ancorare din o\u021bel galvanizat, m\u00e2nere de ridicare, balasturi din font\u0103, catarg deta\u0219abil, marcaj superior cu perie.  Echipament op\u021bional: reflector radar \u0219i felinare.  &nbsp; AFL\u0102 MAI MULTE DETALII \u0218I INFO COMENZI LA +4 0727 896 565 E-MAIL: contact@divepro.ro","og_url":"https:\/\/divepro.ro\/en\/product\/__trashed\/","og_site_name":"Dive Pro","article_modified_time":"2026-03-18T13:12:41+00:00","og_image":[{"width":800,"height":800,"url":"https:\/\/divepro.ro\/wp-content\/uploads\/2026\/02\/flc1200-isolated-danger-marine-buoy.jpg","type":"image\/jpeg"}],"twitter_card":"summary_large_image","twitter_misc":{"Est. reading time":"1 minute"},"schema":{"@context":"https:\/\/schema.org","@graph":[{"@type":"WebPage","@id":"https:\/\/divepro.ro\/produs\/__trashed\/","url":"https:\/\/divepro.ro\/produs\/__trashed\/","name":"FLC1200 Geamand\u0103 marin\u0103 cu pericol izolat - Dive Pro","isPartOf":{"@id":"https:\/\/divepro.ro\/#website"},"primaryImageOfPage":{"@id":"https:\/\/divepro.ro\/produs\/__trashed\/#primaryimage"},"image":{"@id":"https:\/\/divepro.ro\/produs\/__trashed\/#primaryimage"},"thumbnailUrl":"https:\/\/divepro.ro\/wp-content\/uploads\/2026\/02\/flc1200-isolated-danger-marine-buoy.jpg","datePublished":"2026-02-16T10:50:11+00:00","dateModified":"2026-03-18T13:12:41+00:00","breadcrumb":{"@id":"https:\/\/divepro.ro\/produs\/__trashed\/#breadcrumb"},"inLanguage":"en-US","potentialAction":[{"@type":"ReadAction","target":["https:\/\/divepro.ro\/produs\/__trashed\/"]}]},{"@type":"ImageObject","inLanguage":"en-US","@id":"https:\/\/divepro.ro\/produs\/__trashed\/#primaryimage","url":"https:\/\/divepro.ro\/wp-content\/uploads\/2026\/02\/flc1200-isolated-danger-marine-buoy.jpg","contentUrl":"https:\/\/divepro.ro\/wp-content\/uploads\/2026\/02\/flc1200-isolated-danger-marine-buoy.jpg","width":800,"height":800},{"@type":"BreadcrumbList","@id":"https:\/\/divepro.ro\/produs\/__trashed\/#breadcrumb","itemListElement":[{"@type":"ListItem","position":1,"name":"Prima pagin\u0103","item":"https:\/\/divepro.ro\/"},{"@type":"ListItem","position":2,"name":"Magazin","item":"https:\/\/divepro.ro\/magazin\/"},{"@type":"ListItem","position":3,"name":"FLC1200 Geamand\u0103 marin\u0103 cu pericol izolat"}]},{"@type":"WebSite","@id":"https:\/\/divepro.ro\/#website","url":"https:\/\/divepro.ro\/","name":"Dive Pro - ECHIPAMENTE \u0218I SERVICII NAVALE, MARITIME \u0218I FLUVIALE","description":"Echipamente \u0219i servicii navale, maritime \u0219i fluviale","publisher":{"@id":"https:\/\/divepro.ro\/#organization"},"potentialAction":[{"@type":"SearchAction","target":{"@type":"EntryPoint","urlTemplate":"https:\/\/divepro.ro\/?s={search_term_string}"},"query-input":{"@type":"PropertyValueSpecification","valueRequired":true,"valueName":"search_term_string"}}],"inLanguage":"en-US"},{"@type":"Organization","@id":"https:\/\/divepro.ro\/#organization","name":"Dive Pro","url":"https:\/\/divepro.ro\/","logo":{"@type":"ImageObject","inLanguage":"en-US","@id":"https:\/\/divepro.ro\/#\/schema\/logo\/image\/","url":"https:\/\/divepro.ro\/wp-content\/uploads\/2026\/02\/ico-fav-dive-d2-fav-mic.png","contentUrl":"https:\/\/divepro.ro\/wp-content\/uploads\/2026\/02\/ico-fav-dive-d2-fav-mic.png","width":150,"height":150,"caption":"Dive Pro"},"image":{"@id":"https:\/\/divepro.ro\/#\/schema\/logo\/image\/"}}]}},"_links":{"self":[{"href":"https:\/\/divepro.ro\/en\/wp-json\/wp\/v2\/product\/9795","targetHints":{"allow":["GET"]}}],"collection":[{"href":"https:\/\/divepro.ro\/en\/wp-json\/wp\/v2\/product"}],"about":[{"href":"https:\/\/divepro.ro\/en\/wp-json\/wp\/v2\/types\/product"}],"wp:featuredmedia":[{"embeddable":true,"href":"https:\/\/divepro.ro\/en\/wp-json\/wp\/v2\/media\/9851"}],"wp:attachment":[{"href":"https:\/\/divepro.ro\/en\/wp-json\/wp\/v2\/media?parent=9795"}],"wp:term":[{"taxonomy":"product_brand","embeddable":true,"href":"https:\/\/divepro.ro\/en\/wp-json\/wp\/v2\/product_brand?post=9795"},{"taxonomy":"product_cat","embeddable":true,"href":"https:\/\/divepro.ro\/en\/wp-json\/wp\/v2\/product_cat?post=9795"},{"taxonomy":"product_tag","embeddable":true,"href":"https:\/\/divepro.ro\/en\/wp-json\/wp\/v2\/product_tag?post=9795"}],"curies":[{"name":"wp","href":"https:\/\/api.w.org\/{rel}","templated":true}]}}