{"id":9798,"date":"2026-02-13T13:56:29","date_gmt":"2026-02-13T11:56:29","guid":{"rendered":"https:\/\/divepro.ro\/?post_type=product&#038;p=9798"},"modified":"2026-03-18T15:13:05","modified_gmt":"2026-03-18T13:13:05","slug":"catarg-cilindric-flc1200-sau-flc1500-cu-o-singura-culoare","status":"publish","type":"product","link":"https:\/\/divepro.ro\/en\/product\/catarg-cilindric-flc1200-sau-flc1500-cu-o-singura-culoare\/","title":{"rendered":"Cylindric Mast FLC1200 or FLC1500 single color"},"content":{"rendered":"","protected":false},"excerpt":{"rendered":"<p>Catarg cilindric de schimb (marcaj de zi) pentru geamandul de asisten\u021b\u0103 la naviga\u021bie FLC1200 sau FLC1500.<\/p>\n<p>Kit de fixare inclus.<\/p>\n<p><strong>Plutitor \u0219i catarg<\/strong>: Polietilen\u0103 de \u00eenalt\u0103 densitate stabilizat\u0103 UV<br \/>\n<strong>Colors<\/strong>: Pigments matching IALA specifications directly integrated into the polyethylene during rotational moulding for no painting ever.<br \/>\n<strong>Ecologic<\/strong>: Polietilen\u0103 reciclabil\u0103. F\u0103r\u0103 metale grele. F\u0103r\u0103 daune ecologice<\/p>\n<p>&nbsp;<\/p>\n<p style=\"text-align: center;\"><a href=\"tel:+40727896565\"><strong>FIND OUT MORE DETAILS AND ORDER INFO AT +4 0727 896 565<\/strong><\/a><\/p>\n<p style=\"text-align: center;\"><strong><a href=\"mailto:contact@divepro.ro\">E-MAIL: contact@divepro.ro<\/a><\/strong><\/p>","protected":false},"featured_media":9799,"template":"","meta":[],"product_brand":[],"product_cat":[79],"product_tag":[],"class_list":{"0":"post-9798","1":"product","2":"type-product","3":"status-publish","4":"has-post-thumbnail","6":"product_cat-balize-navigatie","8":"first","9":"instock","10":"shipping-taxable","11":"product-type-simple"},"yoast_head":"<!-- This site is optimized with the Yoast SEO plugin v27.2 - https:\/\/yoast.com\/product\/yoast-seo-wordpress\/ -->\n<title>Catarg cilindric FLC1200 sau FLC1500 cu o singur\u0103 culoare - Dive Pro<\/title>\n<meta name=\"robots\" content=\"index, follow, max-snippet:-1, max-image-preview:large, max-video-preview:-1\" \/>\n<link rel=\"canonical\" href=\"https:\/\/divepro.ro\/en\/product\/catarg-cilindric-flc1200-sau-flc1500-cu-o-singura-culoare\/\" \/>\n<meta property=\"og:locale\" content=\"en_US\" \/>\n<meta property=\"og:type\" content=\"article\" \/>\n<meta property=\"og:title\" content=\"Catarg cilindric FLC1200 sau FLC1500 cu o singur\u0103 culoare - Dive Pro\" \/>\n<meta property=\"og:description\" content=\"Catarg cilindric de schimb (marcaj de zi) pentru geamandul de asisten\u021b\u0103 la naviga\u021bie FLC1200 sau FLC1500.  Kit de fixare inclus.  Plutitor \u0219i catarg: Polietilen\u0103 de \u00eenalt\u0103 densitate stabilizat\u0103 UV Culori: Pigmen\u021bi care corespund specifica\u021biilor IALA, integra\u021bi direct \u00een polietilen\u0103 \u00een timpul turn\u0103rii rota\u021bionale, f\u0103r\u0103 a fi necesar\u0103 vopsirea. Ecologic: Polietilen\u0103 reciclabil\u0103. F\u0103r\u0103 metale grele. F\u0103r\u0103 daune ecologice  &nbsp; AFL\u0102 MAI MULTE DETALII \u0218I INFO COMENZI LA +4 0727 896 565 E-MAIL: contact@divepro.ro\" \/>\n<meta property=\"og:url\" content=\"https:\/\/divepro.ro\/en\/product\/catarg-cilindric-flc1200-sau-flc1500-cu-o-singura-culoare\/\" \/>\n<meta property=\"og:site_name\" content=\"Dive Pro\" \/>\n<meta property=\"article:modified_time\" content=\"2026-03-18T13:13:05+00:00\" \/>\n<meta property=\"og:image\" content=\"https:\/\/divepro.ro\/wp-content\/uploads\/2026\/02\/mast-flc1200-single-color.jpg\" \/>\n\t<meta property=\"og:image:width\" content=\"800\" \/>\n\t<meta property=\"og:image:height\" content=\"800\" \/>\n\t<meta property=\"og:image:type\" content=\"image\/jpeg\" \/>\n<meta name=\"twitter:card\" content=\"summary_large_image\" \/>\n<meta name=\"twitter:label1\" content=\"Est. reading time\" \/>\n\t<meta name=\"twitter:data1\" content=\"1 minute\" \/>\n<script type=\"application\/ld+json\" class=\"yoast-schema-graph\">{\"@context\":\"https:\/\/schema.org\",\"@graph\":[{\"@type\":\"WebPage\",\"@id\":\"https:\/\/divepro.ro\/produs\/catarg-cilindric-flc1200-sau-flc1500-cu-o-singura-culoare\/\",\"url\":\"https:\/\/divepro.ro\/produs\/catarg-cilindric-flc1200-sau-flc1500-cu-o-singura-culoare\/\",\"name\":\"Catarg cilindric FLC1200 sau FLC1500 cu o singur\u0103 culoare - Dive Pro\",\"isPartOf\":{\"@id\":\"https:\/\/divepro.ro\/#website\"},\"primaryImageOfPage\":{\"@id\":\"https:\/\/divepro.ro\/produs\/catarg-cilindric-flc1200-sau-flc1500-cu-o-singura-culoare\/#primaryimage\"},\"image\":{\"@id\":\"https:\/\/divepro.ro\/produs\/catarg-cilindric-flc1200-sau-flc1500-cu-o-singura-culoare\/#primaryimage\"},\"thumbnailUrl\":\"https:\/\/divepro.ro\/wp-content\/uploads\/2026\/02\/mast-flc1200-single-color.jpg\",\"datePublished\":\"2026-02-13T11:56:29+00:00\",\"dateModified\":\"2026-03-18T13:13:05+00:00\",\"breadcrumb\":{\"@id\":\"https:\/\/divepro.ro\/produs\/catarg-cilindric-flc1200-sau-flc1500-cu-o-singura-culoare\/#breadcrumb\"},\"inLanguage\":\"en-US\",\"potentialAction\":[{\"@type\":\"ReadAction\",\"target\":[\"https:\/\/divepro.ro\/produs\/catarg-cilindric-flc1200-sau-flc1500-cu-o-singura-culoare\/\"]}]},{\"@type\":\"ImageObject\",\"inLanguage\":\"en-US\",\"@id\":\"https:\/\/divepro.ro\/produs\/catarg-cilindric-flc1200-sau-flc1500-cu-o-singura-culoare\/#primaryimage\",\"url\":\"https:\/\/divepro.ro\/wp-content\/uploads\/2026\/02\/mast-flc1200-single-color.jpg\",\"contentUrl\":\"https:\/\/divepro.ro\/wp-content\/uploads\/2026\/02\/mast-flc1200-single-color.jpg\",\"width\":800,\"height\":800},{\"@type\":\"BreadcrumbList\",\"@id\":\"https:\/\/divepro.ro\/produs\/catarg-cilindric-flc1200-sau-flc1500-cu-o-singura-culoare\/#breadcrumb\",\"itemListElement\":[{\"@type\":\"ListItem\",\"position\":1,\"name\":\"Prima pagin\u0103\",\"item\":\"https:\/\/divepro.ro\/\"},{\"@type\":\"ListItem\",\"position\":2,\"name\":\"Magazin\",\"item\":\"https:\/\/divepro.ro\/magazin\/\"},{\"@type\":\"ListItem\",\"position\":3,\"name\":\"Catarg cilindric FLC1200 sau FLC1500 cu o singur\u0103 culoare\"}]},{\"@type\":\"WebSite\",\"@id\":\"https:\/\/divepro.ro\/#website\",\"url\":\"https:\/\/divepro.ro\/\",\"name\":\"Dive Pro - ECHIPAMENTE \u0218I SERVICII NAVALE, MARITIME \u0218I FLUVIALE\",\"description\":\"Echipamente \u0219i servicii navale, maritime \u0219i fluviale\",\"publisher\":{\"@id\":\"https:\/\/divepro.ro\/#organization\"},\"potentialAction\":[{\"@type\":\"SearchAction\",\"target\":{\"@type\":\"EntryPoint\",\"urlTemplate\":\"https:\/\/divepro.ro\/?s={search_term_string}\"},\"query-input\":{\"@type\":\"PropertyValueSpecification\",\"valueRequired\":true,\"valueName\":\"search_term_string\"}}],\"inLanguage\":\"en-US\"},{\"@type\":\"Organization\",\"@id\":\"https:\/\/divepro.ro\/#organization\",\"name\":\"Dive Pro\",\"url\":\"https:\/\/divepro.ro\/\",\"logo\":{\"@type\":\"ImageObject\",\"inLanguage\":\"en-US\",\"@id\":\"https:\/\/divepro.ro\/#\/schema\/logo\/image\/\",\"url\":\"https:\/\/divepro.ro\/wp-content\/uploads\/2026\/02\/ico-fav-dive-d2-fav-mic.png\",\"contentUrl\":\"https:\/\/divepro.ro\/wp-content\/uploads\/2026\/02\/ico-fav-dive-d2-fav-mic.png\",\"width\":150,\"height\":150,\"caption\":\"Dive Pro\"},\"image\":{\"@id\":\"https:\/\/divepro.ro\/#\/schema\/logo\/image\/\"}}]}<\/script>\n<!-- \/ Yoast SEO plugin. -->","yoast_head_json":{"title":"Catarg cilindric FLC1200 sau FLC1500 cu o singur\u0103 culoare - Dive Pro","robots":{"index":"index","follow":"follow","max-snippet":"max-snippet:-1","max-image-preview":"max-image-preview:large","max-video-preview":"max-video-preview:-1"},"canonical":"https:\/\/divepro.ro\/en\/product\/catarg-cilindric-flc1200-sau-flc1500-cu-o-singura-culoare\/","og_locale":"en_US","og_type":"article","og_title":"Catarg cilindric FLC1200 sau FLC1500 cu o singur\u0103 culoare - Dive Pro","og_description":"Catarg cilindric de schimb (marcaj de zi) pentru geamandul de asisten\u021b\u0103 la naviga\u021bie FLC1200 sau FLC1500.  Kit de fixare inclus.  Plutitor \u0219i catarg: Polietilen\u0103 de \u00eenalt\u0103 densitate stabilizat\u0103 UV Culori: Pigmen\u021bi care corespund specifica\u021biilor IALA, integra\u021bi direct \u00een polietilen\u0103 \u00een timpul turn\u0103rii rota\u021bionale, f\u0103r\u0103 a fi necesar\u0103 vopsirea. Ecologic: Polietilen\u0103 reciclabil\u0103. F\u0103r\u0103 metale grele. F\u0103r\u0103 daune ecologice  &nbsp; AFL\u0102 MAI MULTE DETALII \u0218I INFO COMENZI LA +4 0727 896 565 E-MAIL: contact@divepro.ro","og_url":"https:\/\/divepro.ro\/en\/product\/catarg-cilindric-flc1200-sau-flc1500-cu-o-singura-culoare\/","og_site_name":"Dive Pro","article_modified_time":"2026-03-18T13:13:05+00:00","og_image":[{"width":800,"height":800,"url":"https:\/\/divepro.ro\/wp-content\/uploads\/2026\/02\/mast-flc1200-single-color.jpg","type":"image\/jpeg"}],"twitter_card":"summary_large_image","twitter_misc":{"Est. reading time":"1 minute"},"schema":{"@context":"https:\/\/schema.org","@graph":[{"@type":"WebPage","@id":"https:\/\/divepro.ro\/produs\/catarg-cilindric-flc1200-sau-flc1500-cu-o-singura-culoare\/","url":"https:\/\/divepro.ro\/produs\/catarg-cilindric-flc1200-sau-flc1500-cu-o-singura-culoare\/","name":"Catarg cilindric FLC1200 sau FLC1500 cu o singur\u0103 culoare - Dive Pro","isPartOf":{"@id":"https:\/\/divepro.ro\/#website"},"primaryImageOfPage":{"@id":"https:\/\/divepro.ro\/produs\/catarg-cilindric-flc1200-sau-flc1500-cu-o-singura-culoare\/#primaryimage"},"image":{"@id":"https:\/\/divepro.ro\/produs\/catarg-cilindric-flc1200-sau-flc1500-cu-o-singura-culoare\/#primaryimage"},"thumbnailUrl":"https:\/\/divepro.ro\/wp-content\/uploads\/2026\/02\/mast-flc1200-single-color.jpg","datePublished":"2026-02-13T11:56:29+00:00","dateModified":"2026-03-18T13:13:05+00:00","breadcrumb":{"@id":"https:\/\/divepro.ro\/produs\/catarg-cilindric-flc1200-sau-flc1500-cu-o-singura-culoare\/#breadcrumb"},"inLanguage":"en-US","potentialAction":[{"@type":"ReadAction","target":["https:\/\/divepro.ro\/produs\/catarg-cilindric-flc1200-sau-flc1500-cu-o-singura-culoare\/"]}]},{"@type":"ImageObject","inLanguage":"en-US","@id":"https:\/\/divepro.ro\/produs\/catarg-cilindric-flc1200-sau-flc1500-cu-o-singura-culoare\/#primaryimage","url":"https:\/\/divepro.ro\/wp-content\/uploads\/2026\/02\/mast-flc1200-single-color.jpg","contentUrl":"https:\/\/divepro.ro\/wp-content\/uploads\/2026\/02\/mast-flc1200-single-color.jpg","width":800,"height":800},{"@type":"BreadcrumbList","@id":"https:\/\/divepro.ro\/produs\/catarg-cilindric-flc1200-sau-flc1500-cu-o-singura-culoare\/#breadcrumb","itemListElement":[{"@type":"ListItem","position":1,"name":"Prima pagin\u0103","item":"https:\/\/divepro.ro\/"},{"@type":"ListItem","position":2,"name":"Magazin","item":"https:\/\/divepro.ro\/magazin\/"},{"@type":"ListItem","position":3,"name":"Catarg cilindric FLC1200 sau FLC1500 cu o singur\u0103 culoare"}]},{"@type":"WebSite","@id":"https:\/\/divepro.ro\/#website","url":"https:\/\/divepro.ro\/","name":"Dive Pro - ECHIPAMENTE \u0218I SERVICII NAVALE, MARITIME \u0218I FLUVIALE","description":"Echipamente \u0219i servicii navale, maritime \u0219i fluviale","publisher":{"@id":"https:\/\/divepro.ro\/#organization"},"potentialAction":[{"@type":"SearchAction","target":{"@type":"EntryPoint","urlTemplate":"https:\/\/divepro.ro\/?s={search_term_string}"},"query-input":{"@type":"PropertyValueSpecification","valueRequired":true,"valueName":"search_term_string"}}],"inLanguage":"en-US"},{"@type":"Organization","@id":"https:\/\/divepro.ro\/#organization","name":"Dive Pro","url":"https:\/\/divepro.ro\/","logo":{"@type":"ImageObject","inLanguage":"en-US","@id":"https:\/\/divepro.ro\/#\/schema\/logo\/image\/","url":"https:\/\/divepro.ro\/wp-content\/uploads\/2026\/02\/ico-fav-dive-d2-fav-mic.png","contentUrl":"https:\/\/divepro.ro\/wp-content\/uploads\/2026\/02\/ico-fav-dive-d2-fav-mic.png","width":150,"height":150,"caption":"Dive Pro"},"image":{"@id":"https:\/\/divepro.ro\/#\/schema\/logo\/image\/"}}]}},"_links":{"self":[{"href":"https:\/\/divepro.ro\/en\/wp-json\/wp\/v2\/product\/9798","targetHints":{"allow":["GET"]}}],"collection":[{"href":"https:\/\/divepro.ro\/en\/wp-json\/wp\/v2\/product"}],"about":[{"href":"https:\/\/divepro.ro\/en\/wp-json\/wp\/v2\/types\/product"}],"wp:featuredmedia":[{"embeddable":true,"href":"https:\/\/divepro.ro\/en\/wp-json\/wp\/v2\/media\/9799"}],"wp:attachment":[{"href":"https:\/\/divepro.ro\/en\/wp-json\/wp\/v2\/media?parent=9798"}],"wp:term":[{"taxonomy":"product_brand","embeddable":true,"href":"https:\/\/divepro.ro\/en\/wp-json\/wp\/v2\/product_brand?post=9798"},{"taxonomy":"product_cat","embeddable":true,"href":"https:\/\/divepro.ro\/en\/wp-json\/wp\/v2\/product_cat?post=9798"},{"taxonomy":"product_tag","embeddable":true,"href":"https:\/\/divepro.ro\/en\/wp-json\/wp\/v2\/product_tag?post=9798"}],"curies":[{"name":"wp","href":"https:\/\/api.w.org\/{rel}","templated":true}]}}